{"id":28382,"date":"2025-01-30T16:45:50","date_gmt":"2025-01-31T00:45:50","guid":{"rendered":"https:\/\/jaynolan.org\/politicas-del-sitio-web\/archivos-legibles-por-maquina\/"},"modified":"2026-01-24T00:15:52","modified_gmt":"2026-01-24T08:15:52","slug":"archivos-legibles-por-maquina","status":"publish","type":"page","link":"https:\/\/jaynolan.org\/es\/politicas-del-sitio-web\/archivos-legibles-por-maquina\/","title":{"rendered":"Archivos legibles por m\u00e1quina"},"content":{"rendered":"\t\t<div data-elementor-type=\"wp-page\" data-elementor-id=\"28382\" class=\"elementor elementor-28382 elementor-26342\" data-elementor-post-type=\"page\">\n\t\t\t\t<div class=\"elementor-element elementor-element-3759cdb e-flex e-con-boxed e-con e-parent\" data-id=\"3759cdb\" data-element_type=\"container\" data-e-type=\"container\" data-settings=\"{&quot;background_background&quot;:&quot;classic&quot;}\">\n\t\t\t\t\t<div class=\"e-con-inner\">\n\t\t<div class=\"elementor-element elementor-element-150bcbc e-con-full e-flex e-con e-child\" data-id=\"150bcbc\" data-element_type=\"container\" data-e-type=\"container\" data-settings=\"{&quot;background_background&quot;:&quot;classic&quot;}\">\n\t\t<div class=\"elementor-element elementor-element-8637414 e-con-full e-flex e-con e-child\" data-id=\"8637414\" data-element_type=\"container\" data-e-type=\"container\">\n\t\t\t\t<div class=\"elementor-element elementor-element-2944a17 elementor-widget elementor-widget-heading\" data-id=\"2944a17\" data-element_type=\"widget\" data-e-type=\"widget\" data-widget_type=\"heading.default\">\n\t\t\t\t\t<h1 class=\"elementor-heading-title elementor-size-default\">Archivos legibles por m\u00e1quina<\/h1>\t\t\t\t<\/div>\n\t\t\t\t<div class=\"elementor-element elementor-element-59c6efa elementor-icon-list--layout-traditional elementor-list-item-link-full_width elementor-widget elementor-widget-icon-list\" data-id=\"59c6efa\" data-element_type=\"widget\" data-e-type=\"widget\" data-widget_type=\"icon-list.default\">\n\t\t\t\t\t\t\t<ul class=\"elementor-icon-list-items\">\n\t\t\t\t\t\t\t<li class=\"elementor-icon-list-item\">\n\t\t\t\t\t\t\t\t\t\t\t<a href=\"https:\/\/jaynolan.org\/es\/politicas-del-sitio-web\/\">\n\n\t\t\t\t\t\t\t\t\t\t\t\t<span class=\"elementor-icon-list-icon\">\n\t\t\t\t\t\t\t<svg aria-hidden=\"true\" class=\"e-font-icon-svg e-fas-caret-left\" viewBox=\"0 0 192 512\" xmlns=\"http:\/\/www.w3.org\/2000\/svg\"><path d=\"M192 127.338v257.324c0 17.818-21.543 26.741-34.142 14.142L29.196 270.142c-7.81-7.81-7.81-20.474 0-28.284l128.662-128.662c12.599-12.6 34.142-3.676 34.142 14.142z\"><\/path><\/svg>\t\t\t\t\t\t<\/span>\n\t\t\t\t\t\t\t\t\t\t<span class=\"elementor-icon-list-text\">Ver todas las pol\u00edticas del sitio web<\/span>\n\t\t\t\t\t\t\t\t\t\t\t<\/a>\n\t\t\t\t\t\t\t\t\t<\/li>\n\t\t\t\t\t\t<\/ul>\n\t\t\t\t\t\t<\/div>\n\t\t\t\t<div class=\"elementor-element elementor-element-4115b1e elementor-widget elementor-widget-text-editor\" data-id=\"4115b1e\" data-element_type=\"widget\" data-e-type=\"widget\" data-widget_type=\"text-editor.default\">\n\t\t\t\t\t\t\t\t\t<div id=\"section1\">\n<div id=\"section1\">\n<p>De acuerdo con las regulaciones de los Centros de Servicios de Medicare y Medicaid (CMS), los desarrolladores externos pueden acceder a los archivos JSON legibles por m\u00e1quina de Kaiser Permanente, incluidos plans.json, drugs.json y provider.json, mediante los enlaces a continuaci\u00f3n.<\/p>\n<p>Esta informaci\u00f3n se ofrece en el formato requerido por los CMS o la legislaci\u00f3n estatal aplicable, con archivos separados para cada estado (dentro de nuestras \u00e1reas de servicio) que est\u00e9 obligado a proporcionar dichos archivos. Los desarrolladores de software pueden usar estos archivos para crear herramientas que ayuden a los consumidores locales a comprender mejor sus opciones de atenci\u00f3n m\u00e9dica. Kaiser Permanente ha hecho todos los esfuerzos razonables para proporcionar datos precisos y actualizados a la fecha indicada en cada archivo.<\/p>\n<p><strong>NOTA<\/strong>: Estos archivos no est\u00e1n destinados al uso directo del consumidor. Los consumidores deben consultar los materiales de cobertura de su plan de salud o utilizar el formulario y el directorio de proveedores en l\u00ednea de Kaiser Permanente para obtener informaci\u00f3n sobre sus beneficios, medicamentos y proveedores (m\u00e9dicos y hospitales), respectivamente.<\/p>\n<\/div>\n<p><\/div>\n\t\t\t\t\t\t\t\t<\/div>\n\t\t\t\t<div class=\"elementor-element elementor-element-e19798c elementor-icon-list--layout-traditional elementor-list-item-link-full_width elementor-widget elementor-widget-icon-list\" data-id=\"e19798c\" data-element_type=\"widget\" data-e-type=\"widget\" data-widget_type=\"icon-list.default\">\n\t\t\t\t\t\t\t<ul class=\"elementor-icon-list-items\">\n\t\t\t\t\t\t\t<li class=\"elementor-icon-list-item\">\n\t\t\t\t\t\t\t\t\t\t\t<a href=\"https:\/\/healthy.kaiserpermanente.org\/northern-california\/pages\/technical-information#machine-readable-files\" target=\"_blank\" rel=\"nofollow\">\n\n\t\t\t\t\t\t\t\t\t\t\t\t<span class=\"elementor-icon-list-icon\">\n\t\t\t\t\t\t\t<svg aria-hidden=\"true\" class=\"e-font-icon-svg e-fas-external-link-alt\" viewBox=\"0 0 512 512\" xmlns=\"http:\/\/www.w3.org\/2000\/svg\"><path d=\"M432,320H400a16,16,0,0,0-16,16V448H64V128H208a16,16,0,0,0,16-16V80a16,16,0,0,0-16-16H48A48,48,0,0,0,0,112V464a48,48,0,0,0,48,48H400a48,48,0,0,0,48-48V336A16,16,0,0,0,432,320ZM488,0h-128c-21.37,0-32.05,25.91-17,41l35.73,35.73L135,320.37a24,24,0,0,0,0,34L157.67,377a24,24,0,0,0,34,0L435.28,133.32,471,169c15,15,41,4.5,41-17V24A24,24,0,0,0,488,0Z\"><\/path><\/svg>\t\t\t\t\t\t<\/span>\n\t\t\t\t\t\t\t\t\t\t<span class=\"elementor-icon-list-text\">Informaci\u00f3n adicional<\/span>\n\t\t\t\t\t\t\t\t\t\t\t<\/a>\n\t\t\t\t\t\t\t\t\t<\/li>\n\t\t\t\t\t\t<\/ul>\n\t\t\t\t\t\t<\/div>\n\t\t\t\t<\/div>\n\t\t\t\t<\/div>\n\t\t\t\t\t<\/div>\n\t\t\t\t<\/div>\n\t\t\t\t<\/div>\n\t\t","protected":false},"excerpt":{"rendered":"<p>Archivos legibles por m\u00e1quina Ver todas las pol\u00edticas del sitio web De acuerdo con las regulaciones de los Centros de Servicios de Medicare y Medicaid (CMS), los desarrolladores externos pueden [&hellip;]<\/p>\n","protected":false},"author":1,"featured_media":0,"parent":28380,"menu_order":0,"comment_status":"closed","ping_status":"closed","template":"elementor_header_footer","meta":{"_acf_changed":false,"_price":"","_stock":"","_tribe_ticket_header":"","_tribe_default_ticket_provider":"","_tribe_ticket_capacity":"","_ticket_start_date":"","_ticket_end_date":"","_tribe_ticket_show_description":"","_tribe_ticket_show_not_going":false,"_tribe_ticket_use_global_stock":"","_tribe_ticket_global_stock_level":"","_global_stock_mode":"","_global_stock_cap":"","_tribe_rsvp_for_event":"","_tribe_ticket_going_count":"","_tribe_ticket_not_going_count":"","_tribe_tickets_list":"[]","_tribe_ticket_has_attendee_info_fields":false,"footnotes":""},"class_list":["post-28382","page","type-page","status-publish","hentry"],"acf":[],"yoast_head":"<!-- This site is optimized with the Yoast SEO plugin v27.4 - https:\/\/yoast.com\/product\/yoast-seo-wordpress\/ -->\n<title>Archivos legibles por m\u00e1quina y cumplimiento de las normas de CMS | Jay Nolan<\/title>\n<meta name=\"description\" content=\"Acceda a los archivos legibles por m\u00e1quina, seg\u00fan lo exigen las regulaciones de CMS, incluidos los datos JSON de planes, medicamentos y proveedores, a trav\u00e9s de Jay Nolan Community Services.\" \/>\n<meta name=\"robots\" content=\"index, follow, max-snippet:-1, max-image-preview:large, max-video-preview:-1\" \/>\n<link rel=\"canonical\" href=\"https:\/\/jaynolan.org\/es\/politicas-del-sitio-web\/archivos-legibles-por-maquina\/\" \/>\n<meta property=\"og:locale\" content=\"es_ES\" \/>\n<meta property=\"og:type\" content=\"article\" \/>\n<meta property=\"og:title\" content=\"Archivos legibles por m\u00e1quina de CMS\" \/>\n<meta property=\"og:description\" content=\"Los desarrolladores pueden encontrar los archivos JSON legibles por m\u00e1quina necesarios para los planes, los medicamentos y los proveedores a trav\u00e9s de la p\u00e1gina de cumplimiento normativo de Jay Nolan.\" \/>\n<meta property=\"og:url\" content=\"https:\/\/jaynolan.org\/es\/politicas-del-sitio-web\/archivos-legibles-por-maquina\/\" \/>\n<meta property=\"og:site_name\" content=\"Jay Nolan Community Services\" \/>\n<meta property=\"article:publisher\" content=\"https:\/\/www.facebook.com\/JayNolanCommunityServices\/\" \/>\n<meta property=\"article:modified_time\" content=\"2026-01-24T08:15:52+00:00\" \/>\n<meta property=\"og:image\" content=\"https:\/\/jaynolan.org\/wp-content\/uploads\/2019\/06\/facebook-post-image-default.jpg\" \/>\n\t<meta property=\"og:image:width\" content=\"1200\" \/>\n\t<meta property=\"og:image:height\" content=\"628\" \/>\n\t<meta property=\"og:image:type\" content=\"image\/jpeg\" \/>\n<meta name=\"twitter:card\" content=\"summary_large_image\" \/>\n<meta name=\"twitter:title\" content=\"Archivos legibles por m\u00e1quina de CMS\" \/>\n<meta name=\"twitter:description\" content=\"Los desarrolladores pueden encontrar los archivos JSON legibles por m\u00e1quina necesarios para los planes, los medicamentos y los proveedores a trav\u00e9s de la p\u00e1gina de cumplimiento normativo de Jay Nolan.\" \/>\n<meta name=\"twitter:site\" content=\"@jaynolanorg\" \/>\n<meta name=\"twitter:label1\" content=\"Tiempo de lectura\" \/>\n\t<meta name=\"twitter:data1\" content=\"1 minuto\" \/>\n<script type=\"application\/ld+json\" class=\"yoast-schema-graph\">{\"@context\":\"https:\\\/\\\/schema.org\",\"@graph\":[{\"@type\":\"WebPage\",\"@id\":\"https:\\\/\\\/jaynolan.org\\\/es\\\/politicas-del-sitio-web\\\/archivos-legibles-por-maquina\\\/\",\"url\":\"https:\\\/\\\/jaynolan.org\\\/es\\\/politicas-del-sitio-web\\\/archivos-legibles-por-maquina\\\/\",\"name\":\"Archivos legibles por m\u00e1quina y cumplimiento de las normas de CMS | Jay Nolan\",\"isPartOf\":{\"@id\":\"https:\\\/\\\/jaynolan.org\\\/es\\\/#website\"},\"datePublished\":\"2025-01-31T00:45:50+00:00\",\"dateModified\":\"2026-01-24T08:15:52+00:00\",\"description\":\"Acceda a los archivos legibles por m\u00e1quina, seg\u00fan lo exigen las regulaciones de CMS, incluidos los datos JSON de planes, medicamentos y proveedores, a trav\u00e9s de Jay Nolan Community Services.\",\"breadcrumb\":{\"@id\":\"https:\\\/\\\/jaynolan.org\\\/es\\\/politicas-del-sitio-web\\\/archivos-legibles-por-maquina\\\/#breadcrumb\"},\"inLanguage\":\"es\",\"potentialAction\":[{\"@type\":\"ReadAction\",\"target\":[\"https:\\\/\\\/jaynolan.org\\\/es\\\/politicas-del-sitio-web\\\/archivos-legibles-por-maquina\\\/\"]}]},{\"@type\":\"BreadcrumbList\",\"@id\":\"https:\\\/\\\/jaynolan.org\\\/es\\\/politicas-del-sitio-web\\\/archivos-legibles-por-maquina\\\/#breadcrumb\",\"itemListElement\":[{\"@type\":\"ListItem\",\"position\":1,\"name\":\"Home\",\"item\":\"https:\\\/\\\/jaynolan.org\\\/es\\\/\"},{\"@type\":\"ListItem\",\"position\":2,\"name\":\"Pol\u00edticas del sitio web\",\"item\":\"https:\\\/\\\/jaynolan.org\\\/es\\\/policies\\\/\"},{\"@type\":\"ListItem\",\"position\":3,\"name\":\"Archivos legibles por m\u00e1quina\"}]},{\"@type\":\"WebSite\",\"@id\":\"https:\\\/\\\/jaynolan.org\\\/es\\\/#website\",\"url\":\"https:\\\/\\\/jaynolan.org\\\/es\\\/\",\"name\":\"Jay Nolan Community Services\",\"description\":\"Making a difference since 1975\",\"publisher\":{\"@id\":\"https:\\\/\\\/jaynolan.org\\\/es\\\/#organization\"},\"potentialAction\":[{\"@type\":\"SearchAction\",\"target\":{\"@type\":\"EntryPoint\",\"urlTemplate\":\"https:\\\/\\\/jaynolan.org\\\/es\\\/?s={search_term_string}\"},\"query-input\":{\"@type\":\"PropertyValueSpecification\",\"valueRequired\":true,\"valueName\":\"search_term_string\"}}],\"inLanguage\":\"es\"},{\"@type\":\"Organization\",\"@id\":\"https:\\\/\\\/jaynolan.org\\\/es\\\/#organization\",\"name\":\"Jay Nolan Community Service\",\"url\":\"https:\\\/\\\/jaynolan.org\\\/es\\\/\",\"logo\":{\"@type\":\"ImageObject\",\"inLanguage\":\"es\",\"@id\":\"https:\\\/\\\/jaynolan.org\\\/es\\\/#\\\/schema\\\/logo\\\/image\\\/\",\"url\":\"https:\\\/\\\/jaynolan.org\\\/wp-content\\\/uploads\\\/2019\\\/04\\\/jncs6.png\",\"contentUrl\":\"https:\\\/\\\/jaynolan.org\\\/wp-content\\\/uploads\\\/2019\\\/04\\\/jncs6.png\",\"width\":200,\"height\":60,\"caption\":\"Jay Nolan Community Service\"},\"image\":{\"@id\":\"https:\\\/\\\/jaynolan.org\\\/es\\\/#\\\/schema\\\/logo\\\/image\\\/\"},\"sameAs\":[\"https:\\\/\\\/www.facebook.com\\\/JayNolanCommunityServices\\\/\",\"https:\\\/\\\/x.com\\\/jaynolanorg\",\"https:\\\/\\\/www.linkedin.com\\\/company\\\/jay-nolan-community-services\"]}]}<\/script>\n<!-- \/ Yoast SEO plugin. -->","yoast_head_json":{"title":"Archivos legibles por m\u00e1quina y cumplimiento de las normas de CMS | Jay Nolan","description":"Acceda a los archivos legibles por m\u00e1quina, seg\u00fan lo exigen las regulaciones de CMS, incluidos los datos JSON de planes, medicamentos y proveedores, a trav\u00e9s de Jay Nolan Community Services.","robots":{"index":"index","follow":"follow","max-snippet":"max-snippet:-1","max-image-preview":"max-image-preview:large","max-video-preview":"max-video-preview:-1"},"canonical":"https:\/\/jaynolan.org\/es\/politicas-del-sitio-web\/archivos-legibles-por-maquina\/","og_locale":"es_ES","og_type":"article","og_title":"Archivos legibles por m\u00e1quina de CMS","og_description":"Los desarrolladores pueden encontrar los archivos JSON legibles por m\u00e1quina necesarios para los planes, los medicamentos y los proveedores a trav\u00e9s de la p\u00e1gina de cumplimiento normativo de Jay Nolan.","og_url":"https:\/\/jaynolan.org\/es\/politicas-del-sitio-web\/archivos-legibles-por-maquina\/","og_site_name":"Jay Nolan Community Services","article_publisher":"https:\/\/www.facebook.com\/JayNolanCommunityServices\/","article_modified_time":"2026-01-24T08:15:52+00:00","og_image":[{"width":1200,"height":628,"url":"https:\/\/jaynolan.org\/wp-content\/uploads\/2019\/06\/facebook-post-image-default.jpg","type":"image\/jpeg"}],"twitter_card":"summary_large_image","twitter_title":"Archivos legibles por m\u00e1quina de CMS","twitter_description":"Los desarrolladores pueden encontrar los archivos JSON legibles por m\u00e1quina necesarios para los planes, los medicamentos y los proveedores a trav\u00e9s de la p\u00e1gina de cumplimiento normativo de Jay Nolan.","twitter_site":"@jaynolanorg","twitter_misc":{"Tiempo de lectura":"1 minuto"},"schema":{"@context":"https:\/\/schema.org","@graph":[{"@type":"WebPage","@id":"https:\/\/jaynolan.org\/es\/politicas-del-sitio-web\/archivos-legibles-por-maquina\/","url":"https:\/\/jaynolan.org\/es\/politicas-del-sitio-web\/archivos-legibles-por-maquina\/","name":"Archivos legibles por m\u00e1quina y cumplimiento de las normas de CMS | Jay Nolan","isPartOf":{"@id":"https:\/\/jaynolan.org\/es\/#website"},"datePublished":"2025-01-31T00:45:50+00:00","dateModified":"2026-01-24T08:15:52+00:00","description":"Acceda a los archivos legibles por m\u00e1quina, seg\u00fan lo exigen las regulaciones de CMS, incluidos los datos JSON de planes, medicamentos y proveedores, a trav\u00e9s de Jay Nolan Community Services.","breadcrumb":{"@id":"https:\/\/jaynolan.org\/es\/politicas-del-sitio-web\/archivos-legibles-por-maquina\/#breadcrumb"},"inLanguage":"es","potentialAction":[{"@type":"ReadAction","target":["https:\/\/jaynolan.org\/es\/politicas-del-sitio-web\/archivos-legibles-por-maquina\/"]}]},{"@type":"BreadcrumbList","@id":"https:\/\/jaynolan.org\/es\/politicas-del-sitio-web\/archivos-legibles-por-maquina\/#breadcrumb","itemListElement":[{"@type":"ListItem","position":1,"name":"Home","item":"https:\/\/jaynolan.org\/es\/"},{"@type":"ListItem","position":2,"name":"Pol\u00edticas del sitio web","item":"https:\/\/jaynolan.org\/es\/policies\/"},{"@type":"ListItem","position":3,"name":"Archivos legibles por m\u00e1quina"}]},{"@type":"WebSite","@id":"https:\/\/jaynolan.org\/es\/#website","url":"https:\/\/jaynolan.org\/es\/","name":"Jay Nolan Community Services","description":"Making a difference since 1975","publisher":{"@id":"https:\/\/jaynolan.org\/es\/#organization"},"potentialAction":[{"@type":"SearchAction","target":{"@type":"EntryPoint","urlTemplate":"https:\/\/jaynolan.org\/es\/?s={search_term_string}"},"query-input":{"@type":"PropertyValueSpecification","valueRequired":true,"valueName":"search_term_string"}}],"inLanguage":"es"},{"@type":"Organization","@id":"https:\/\/jaynolan.org\/es\/#organization","name":"Jay Nolan Community Service","url":"https:\/\/jaynolan.org\/es\/","logo":{"@type":"ImageObject","inLanguage":"es","@id":"https:\/\/jaynolan.org\/es\/#\/schema\/logo\/image\/","url":"https:\/\/jaynolan.org\/wp-content\/uploads\/2019\/04\/jncs6.png","contentUrl":"https:\/\/jaynolan.org\/wp-content\/uploads\/2019\/04\/jncs6.png","width":200,"height":60,"caption":"Jay Nolan Community Service"},"image":{"@id":"https:\/\/jaynolan.org\/es\/#\/schema\/logo\/image\/"},"sameAs":["https:\/\/www.facebook.com\/JayNolanCommunityServices\/","https:\/\/x.com\/jaynolanorg","https:\/\/www.linkedin.com\/company\/jay-nolan-community-services"]}]}},"_links":{"self":[{"href":"https:\/\/jaynolan.org\/es\/wp-json\/wp\/v2\/pages\/28382","targetHints":{"allow":["GET"]}}],"collection":[{"href":"https:\/\/jaynolan.org\/es\/wp-json\/wp\/v2\/pages"}],"about":[{"href":"https:\/\/jaynolan.org\/es\/wp-json\/wp\/v2\/types\/page"}],"author":[{"embeddable":true,"href":"https:\/\/jaynolan.org\/es\/wp-json\/wp\/v2\/users\/1"}],"replies":[{"embeddable":true,"href":"https:\/\/jaynolan.org\/es\/wp-json\/wp\/v2\/comments?post=28382"}],"version-history":[{"count":6,"href":"https:\/\/jaynolan.org\/es\/wp-json\/wp\/v2\/pages\/28382\/revisions"}],"predecessor-version":[{"id":29113,"href":"https:\/\/jaynolan.org\/es\/wp-json\/wp\/v2\/pages\/28382\/revisions\/29113"}],"up":[{"embeddable":true,"href":"https:\/\/jaynolan.org\/es\/wp-json\/wp\/v2\/pages\/28380"}],"wp:attachment":[{"href":"https:\/\/jaynolan.org\/es\/wp-json\/wp\/v2\/media?parent=28382"}],"curies":[{"name":"wp","href":"https:\/\/api.w.org\/{rel}","templated":true}]}}