{"id":30042,"date":"2025-05-20T11:09:28","date_gmt":"2025-05-20T18:09:28","guid":{"rendered":"https:\/\/jaynolan.org\/involucrate\/programas-promocionales\/"},"modified":"2026-01-24T00:06:26","modified_gmt":"2026-01-24T08:06:26","slug":"programas-promocionales","status":"publish","type":"page","link":"https:\/\/jaynolan.org\/es\/involucrate\/programas-promocionales\/","title":{"rendered":"Programas promocionales"},"content":{"rendered":"\t\t<div data-elementor-type=\"wp-page\" data-elementor-id=\"30042\" class=\"elementor elementor-30042 elementor-28531\" data-elementor-post-type=\"page\">\n\t\t\t\t<div class=\"elementor-element elementor-element-ee28252 e-flex e-con-boxed e-con e-parent\" data-id=\"ee28252\" data-element_type=\"container\" data-e-type=\"container\" data-settings=\"{&quot;background_background&quot;:&quot;classic&quot;}\">\n\t\t\t\t\t<div class=\"e-con-inner\">\n\t\t<div class=\"elementor-element elementor-element-ff6ca04 e-flex e-con-boxed e-con e-child\" data-id=\"ff6ca04\" data-element_type=\"container\" data-e-type=\"container\" data-settings=\"{&quot;background_background&quot;:&quot;classic&quot;}\">\n\t\t\t\t\t<div class=\"e-con-inner\">\n\t\t\t\t\t<\/div>\n\t\t\t\t<\/div>\n\t\t<div class=\"elementor-element elementor-element-56bb15c e-con-full e-flex e-con e-child\" data-id=\"56bb15c\" data-element_type=\"container\" data-e-type=\"container\" data-settings=\"{&quot;background_background&quot;:&quot;classic&quot;}\">\n\t\t<div class=\"elementor-element elementor-element-c17379b e-con-full e-flex e-con e-child\" data-id=\"c17379b\" data-element_type=\"container\" data-e-type=\"container\">\n\t\t\t\t<div class=\"elementor-element elementor-element-bf23d6a elementor-widget elementor-widget-heading\" data-id=\"bf23d6a\" data-element_type=\"widget\" data-e-type=\"widget\" data-widget_type=\"heading.default\">\n\t\t\t\t\t<h1 class=\"elementor-heading-title elementor-size-default\">Programas promocionales<\/h1>\t\t\t\t<\/div>\n\t\t\t\t<div class=\"elementor-element elementor-element-78cfd00 elementor-widget elementor-widget-heading\" data-id=\"78cfd00\" data-element_type=\"widget\" data-e-type=\"widget\" data-widget_type=\"heading.default\">\n\t\t\t\t\t<h2 class=\"elementor-heading-title elementor-size-default\">Ap\u00f3yanos una compra a la vez<\/h2>\t\t\t\t<\/div>\n\t\t\t\t<\/div>\n\t\t<div class=\"elementor-element elementor-element-6b99269 e-con-full e-flex e-con e-child\" data-id=\"6b99269\" data-element_type=\"container\" data-e-type=\"container\" data-settings=\"{&quot;background_background&quot;:&quot;classic&quot;}\">\n\t\t\t\t<div class=\"elementor-element elementor-element-86c6205 elementor-widget elementor-widget-heading\" data-id=\"86c6205\" data-element_type=\"widget\" data-e-type=\"widget\" data-widget_type=\"heading.default\">\n\t\t\t\t\t<h2 class=\"elementor-heading-title elementor-size-default\">\u00a1Estamos aqu\u00ed para ayudar!<\/h2>\t\t\t\t<\/div>\n\t\t\t\t<div class=\"elementor-element elementor-element-ac28b68 elementor-widget elementor-widget-heading\" data-id=\"ac28b68\" data-element_type=\"widget\" data-e-type=\"widget\" data-widget_type=\"heading.default\">\n\t\t\t\t\t<h2 class=\"elementor-heading-title elementor-size-default\">\u00bfTe gustar\u00eda unirte al programa de promoci\u00f3n?<\/h2>\t\t\t\t<\/div>\n\t\t\t\t<div class=\"elementor-element elementor-element-c3d493d elementor-widget elementor-widget-button\" data-id=\"c3d493d\" data-element_type=\"widget\" data-e-type=\"widget\" data-widget_type=\"button.default\">\n\t\t\t\t\t\t\t\t\t\t<a class=\"elementor-button elementor-button-link elementor-size-sm\" href=\"https:\/\/jaynolan.org\/es\/contacto\/\">\n\t\t\t\t\t\t<span class=\"elementor-button-content-wrapper\">\n\t\t\t\t\t\t\t\t\t<span class=\"elementor-button-text\">Ponte en contacto<\/span>\n\t\t\t\t\t<\/span>\n\t\t\t\t\t<\/a>\n\t\t\t\t\t\t\t\t<\/div>\n\t\t\t\t<\/div>\n\t\t\t\t<\/div>\n\t\t\t\t\t<\/div>\n\t\t\t\t<\/div>\n\t\t<div class=\"elementor-element elementor-element-d3803d1 e-flex e-con-boxed e-con e-parent\" data-id=\"d3803d1\" data-element_type=\"container\" data-e-type=\"container\" data-settings=\"{&quot;background_background&quot;:&quot;classic&quot;}\">\n\t\t\t\t\t<div class=\"e-con-inner\">\n\t\t<div class=\"elementor-element elementor-element-e1a90e4 e-con-full e-flex e-con e-child\" data-id=\"e1a90e4\" data-element_type=\"container\" data-e-type=\"container\" data-settings=\"{&quot;background_background&quot;:&quot;classic&quot;}\">\n\t\t<div class=\"elementor-element elementor-element-06ab5fb e-con-full e-flex e-con e-child\" data-id=\"06ab5fb\" data-element_type=\"container\" data-e-type=\"container\">\n\t\t\t\t<div class=\"elementor-element elementor-element-1db66bf elementor-widget elementor-widget-heading\" data-id=\"1db66bf\" data-element_type=\"widget\" data-e-type=\"widget\" data-widget_type=\"heading.default\">\n\t\t\t\t\t<h2 class=\"elementor-heading-title elementor-size-default\">Recompensas comunitarias de Ralphs<\/h2>\t\t\t\t<\/div>\n\t\t\t\t<div class=\"elementor-element elementor-element-0be7762 elementor-widget elementor-widget-heading\" data-id=\"0be7762\" data-element_type=\"widget\" data-e-type=\"widget\" data-widget_type=\"heading.default\">\n\t\t\t\t\t<h2 class=\"elementor-heading-title elementor-size-default\">En el programa de recompensas comunitarias de Ralphs<\/h2>\t\t\t\t<\/div>\n\t\t\t\t<div class=\"elementor-element elementor-element-e70881e elementor-align-start elementor-icon-list--layout-traditional elementor-list-item-link-full_width elementor-widget elementor-widget-icon-list\" data-id=\"e70881e\" data-element_type=\"widget\" data-e-type=\"widget\" data-widget_type=\"icon-list.default\">\n\t\t\t\t\t\t\t<ul class=\"elementor-icon-list-items\">\n\t\t\t\t\t\t\t<li class=\"elementor-icon-list-item\">\n\t\t\t\t\t\t\t\t\t\t\t<a href=\"https:\/\/www.ralphs.com\/\" target=\"_blank\">\n\n\t\t\t\t\t\t\t\t\t\t\t\t<span class=\"elementor-icon-list-icon\">\n\t\t\t\t\t\t\t<svg aria-hidden=\"true\" class=\"e-font-icon-svg e-fas-external-link-square-alt\" viewBox=\"0 0 448 512\" xmlns=\"http:\/\/www.w3.org\/2000\/svg\"><path d=\"M448 80v352c0 26.51-21.49 48-48 48H48c-26.51 0-48-21.49-48-48V80c0-26.51 21.49-48 48-48h352c26.51 0 48 21.49 48 48zm-88 16H248.029c-21.313 0-32.08 25.861-16.971 40.971l31.984 31.987L67.515 364.485c-4.686 4.686-4.686 12.284 0 16.971l31.029 31.029c4.687 4.686 12.285 4.686 16.971 0l195.526-195.526 31.988 31.991C358.058 263.977 384 253.425 384 231.979V120c0-13.255-10.745-24-24-24z\"><\/path><\/svg>\t\t\t\t\t\t<\/span>\n\t\t\t\t\t\t\t\t\t\t<span class=\"elementor-icon-list-text\">Compra en Ralphs<\/span>\n\t\t\t\t\t\t\t\t\t\t\t<\/a>\n\t\t\t\t\t\t\t\t\t<\/li>\n\t\t\t\t\t\t<\/ul>\n\t\t\t\t\t\t<\/div>\n\t\t\t\t<\/div>\n\t\t<div class=\"elementor-element elementor-element-e291aa1 e-con-full e-flex e-con e-child\" data-id=\"e291aa1\" data-element_type=\"container\" data-e-type=\"container\">\n\t\t\t\t<div class=\"elementor-element elementor-element-2869a25 elementor-hidden-tablet elementor-widget elementor-widget-image\" data-id=\"2869a25\" data-element_type=\"widget\" data-e-type=\"widget\" data-widget_type=\"image.default\">\n\t\t\t\t\t\t\t\t\t\t\t\t\t\t\t<img fetchpriority=\"high\" decoding=\"async\" width=\"500\" height=\"500\" src=\"https:\/\/jaynolan.org\/wp-content\/uploads\/2025\/02\/ralphs.png\" class=\"attachment-large size-large wp-image-26866\" alt=\"\" srcset=\"https:\/\/jaynolan.org\/wp-content\/uploads\/2025\/02\/ralphs.png 500w, https:\/\/jaynolan.org\/wp-content\/uploads\/2025\/02\/ralphs-300x300.png 300w, https:\/\/jaynolan.org\/wp-content\/uploads\/2025\/02\/ralphs-150x150.png 150w\" sizes=\"(max-width: 500px) 100vw, 500px\" \/>\t\t\t\t\t\t\t\t\t\t\t\t\t\t\t<\/div>\n\t\t\t\t<\/div>\n\t\t\t\t<\/div>\n\t\t\t\t\t<\/div>\n\t\t\t\t<\/div>\n\t\t\t\t<\/div>\n\t\t","protected":false},"excerpt":{"rendered":"<p>Programas promocionales Ap\u00f3yanos una compra a la vez \u00a1Estamos aqu\u00ed para ayudar! \u00bfTe gustar\u00eda unirte al programa de promoci\u00f3n? Ponte en contacto Recompensas comunitarias de Ralphs En el programa de [&hellip;]<\/p>\n","protected":false},"author":1,"featured_media":0,"parent":16646,"menu_order":0,"comment_status":"closed","ping_status":"closed","template":"elementor_header_footer","meta":{"_acf_changed":false,"_price":"","_stock":"","_tribe_ticket_header":"","_tribe_default_ticket_provider":"","_tribe_ticket_capacity":"","_ticket_start_date":"","_ticket_end_date":"","_tribe_ticket_show_description":"","_tribe_ticket_show_not_going":false,"_tribe_ticket_use_global_stock":"","_tribe_ticket_global_stock_level":"","_global_stock_mode":"","_global_stock_cap":"","_tribe_rsvp_for_event":"","_tribe_ticket_going_count":"","_tribe_ticket_not_going_count":"","_tribe_tickets_list":"[]","_tribe_ticket_has_attendee_info_fields":false,"footnotes":""},"class_list":["post-30042","page","type-page","status-publish","hentry"],"acf":[],"yoast_head":"<!-- This site is optimized with the Yoast SEO plugin v27.3 - https:\/\/yoast.com\/product\/yoast-seo-wordpress\/ -->\n<title>Programas promocionales: Apoya a Jay Nolan a trav\u00e9s de tus compras.<\/title>\n<meta name=\"description\" content=\"Apoye a Jay Nolan Community Services a trav\u00e9s de sencillos programas de promoci\u00f3n, como las tarjetas de fidelidad de los supermercados y las donaciones al realizar compras: convierta sus compras en una oportunidad para empoderar a la comunidad.\" \/>\n<meta name=\"robots\" content=\"index, follow, max-snippet:-1, max-image-preview:large, max-video-preview:-1\" \/>\n<link rel=\"canonical\" href=\"https:\/\/jaynolan.org\/es\/involucrate\/programas-promocionales\/\" \/>\n<meta property=\"og:locale\" content=\"es_ES\" \/>\n<meta property=\"og:type\" content=\"article\" \/>\n<meta property=\"og:title\" content=\"Apoyo a trav\u00e9s de programas promocionales\" \/>\n<meta property=\"og:description\" content=\"Haz que tus compras diarias cuenten para Jay Nolan: descubre nuestras alianzas promocionales que apoyan a las personas neurodiversas.\" \/>\n<meta property=\"og:url\" content=\"https:\/\/jaynolan.org\/es\/involucrate\/programas-promocionales\/\" \/>\n<meta property=\"og:site_name\" content=\"Jay Nolan Community Services\" \/>\n<meta property=\"article:publisher\" content=\"https:\/\/www.facebook.com\/JayNolanCommunityServices\/\" \/>\n<meta property=\"article:modified_time\" content=\"2026-01-24T08:06:26+00:00\" \/>\n<meta property=\"og:image\" content=\"https:\/\/jaynolan.org\/wp-content\/uploads\/2025\/02\/ralphs.png\" \/>\n\t<meta property=\"og:image:width\" content=\"500\" \/>\n\t<meta property=\"og:image:height\" content=\"500\" \/>\n\t<meta property=\"og:image:type\" content=\"image\/png\" \/>\n<meta name=\"twitter:card\" content=\"summary_large_image\" \/>\n<meta name=\"twitter:title\" content=\"Apoyo a trav\u00e9s de programas promocionales\" \/>\n<meta name=\"twitter:description\" content=\"Haz que tus compras diarias cuenten para Jay Nolan: descubre nuestras alianzas promocionales que apoyan a las personas neurodiversas.\" \/>\n<meta name=\"twitter:site\" content=\"@jaynolanorg\" \/>\n<script type=\"application\/ld+json\" class=\"yoast-schema-graph\">{\"@context\":\"https:\\\/\\\/schema.org\",\"@graph\":[{\"@type\":\"WebPage\",\"@id\":\"https:\\\/\\\/jaynolan.org\\\/es\\\/involucrate\\\/programas-promocionales\\\/\",\"url\":\"https:\\\/\\\/jaynolan.org\\\/es\\\/involucrate\\\/programas-promocionales\\\/\",\"name\":\"Programas promocionales: Apoya a Jay Nolan a trav\u00e9s de tus compras.\",\"isPartOf\":{\"@id\":\"https:\\\/\\\/jaynolan.org\\\/es\\\/#website\"},\"primaryImageOfPage\":{\"@id\":\"https:\\\/\\\/jaynolan.org\\\/es\\\/involucrate\\\/programas-promocionales\\\/#primaryimage\"},\"image\":{\"@id\":\"https:\\\/\\\/jaynolan.org\\\/es\\\/involucrate\\\/programas-promocionales\\\/#primaryimage\"},\"thumbnailUrl\":\"https:\\\/\\\/jaynolan.org\\\/wp-content\\\/uploads\\\/2025\\\/02\\\/ralphs-1024x1024.png\",\"datePublished\":\"2025-05-20T18:09:28+00:00\",\"dateModified\":\"2026-01-24T08:06:26+00:00\",\"description\":\"Apoye a Jay Nolan Community Services a trav\u00e9s de sencillos programas de promoci\u00f3n, como las tarjetas de fidelidad de los supermercados y las donaciones al realizar compras: convierta sus compras en una oportunidad para empoderar a la comunidad.\",\"breadcrumb\":{\"@id\":\"https:\\\/\\\/jaynolan.org\\\/es\\\/involucrate\\\/programas-promocionales\\\/#breadcrumb\"},\"inLanguage\":\"es\",\"potentialAction\":[{\"@type\":\"ReadAction\",\"target\":[\"https:\\\/\\\/jaynolan.org\\\/es\\\/involucrate\\\/programas-promocionales\\\/\"]}]},{\"@type\":\"ImageObject\",\"inLanguage\":\"es\",\"@id\":\"https:\\\/\\\/jaynolan.org\\\/es\\\/involucrate\\\/programas-promocionales\\\/#primaryimage\",\"url\":\"https:\\\/\\\/jaynolan.org\\\/wp-content\\\/uploads\\\/2025\\\/02\\\/ralphs-1024x1024.png\",\"contentUrl\":\"https:\\\/\\\/jaynolan.org\\\/wp-content\\\/uploads\\\/2025\\\/02\\\/ralphs-1024x1024.png\"},{\"@type\":\"BreadcrumbList\",\"@id\":\"https:\\\/\\\/jaynolan.org\\\/es\\\/involucrate\\\/programas-promocionales\\\/#breadcrumb\",\"itemListElement\":[{\"@type\":\"ListItem\",\"position\":1,\"name\":\"Home\",\"item\":\"https:\\\/\\\/jaynolan.org\\\/es\\\/\"},{\"@type\":\"ListItem\",\"position\":2,\"name\":\"Invol\u00facrate\",\"item\":\"https:\\\/\\\/jaynolan.org\\\/es\\\/involucrate\\\/\"},{\"@type\":\"ListItem\",\"position\":3,\"name\":\"Programas promocionales\"}]},{\"@type\":\"WebSite\",\"@id\":\"https:\\\/\\\/jaynolan.org\\\/es\\\/#website\",\"url\":\"https:\\\/\\\/jaynolan.org\\\/es\\\/\",\"name\":\"Jay Nolan Community Services\",\"description\":\"Making a difference since 1975\",\"publisher\":{\"@id\":\"https:\\\/\\\/jaynolan.org\\\/es\\\/#organization\"},\"potentialAction\":[{\"@type\":\"SearchAction\",\"target\":{\"@type\":\"EntryPoint\",\"urlTemplate\":\"https:\\\/\\\/jaynolan.org\\\/es\\\/?s={search_term_string}\"},\"query-input\":{\"@type\":\"PropertyValueSpecification\",\"valueRequired\":true,\"valueName\":\"search_term_string\"}}],\"inLanguage\":\"es\"},{\"@type\":\"Organization\",\"@id\":\"https:\\\/\\\/jaynolan.org\\\/es\\\/#organization\",\"name\":\"Jay Nolan Community Service\",\"url\":\"https:\\\/\\\/jaynolan.org\\\/es\\\/\",\"logo\":{\"@type\":\"ImageObject\",\"inLanguage\":\"es\",\"@id\":\"https:\\\/\\\/jaynolan.org\\\/es\\\/#\\\/schema\\\/logo\\\/image\\\/\",\"url\":\"https:\\\/\\\/jaynolan.org\\\/wp-content\\\/uploads\\\/2019\\\/04\\\/jncs6.png\",\"contentUrl\":\"https:\\\/\\\/jaynolan.org\\\/wp-content\\\/uploads\\\/2019\\\/04\\\/jncs6.png\",\"width\":200,\"height\":60,\"caption\":\"Jay Nolan Community Service\"},\"image\":{\"@id\":\"https:\\\/\\\/jaynolan.org\\\/es\\\/#\\\/schema\\\/logo\\\/image\\\/\"},\"sameAs\":[\"https:\\\/\\\/www.facebook.com\\\/JayNolanCommunityServices\\\/\",\"https:\\\/\\\/x.com\\\/jaynolanorg\",\"https:\\\/\\\/www.linkedin.com\\\/company\\\/jay-nolan-community-services\"]}]}<\/script>\n<!-- \/ Yoast SEO plugin. -->","yoast_head_json":{"title":"Programas promocionales: Apoya a Jay Nolan a trav\u00e9s de tus compras.","description":"Apoye a Jay Nolan Community Services a trav\u00e9s de sencillos programas de promoci\u00f3n, como las tarjetas de fidelidad de los supermercados y las donaciones al realizar compras: convierta sus compras en una oportunidad para empoderar a la comunidad.","robots":{"index":"index","follow":"follow","max-snippet":"max-snippet:-1","max-image-preview":"max-image-preview:large","max-video-preview":"max-video-preview:-1"},"canonical":"https:\/\/jaynolan.org\/es\/involucrate\/programas-promocionales\/","og_locale":"es_ES","og_type":"article","og_title":"Apoyo a trav\u00e9s de programas promocionales","og_description":"Haz que tus compras diarias cuenten para Jay Nolan: descubre nuestras alianzas promocionales que apoyan a las personas neurodiversas.","og_url":"https:\/\/jaynolan.org\/es\/involucrate\/programas-promocionales\/","og_site_name":"Jay Nolan Community Services","article_publisher":"https:\/\/www.facebook.com\/JayNolanCommunityServices\/","article_modified_time":"2026-01-24T08:06:26+00:00","og_image":[{"width":500,"height":500,"url":"https:\/\/jaynolan.org\/wp-content\/uploads\/2025\/02\/ralphs.png","type":"image\/png"}],"twitter_card":"summary_large_image","twitter_title":"Apoyo a trav\u00e9s de programas promocionales","twitter_description":"Haz que tus compras diarias cuenten para Jay Nolan: descubre nuestras alianzas promocionales que apoyan a las personas neurodiversas.","twitter_site":"@jaynolanorg","schema":{"@context":"https:\/\/schema.org","@graph":[{"@type":"WebPage","@id":"https:\/\/jaynolan.org\/es\/involucrate\/programas-promocionales\/","url":"https:\/\/jaynolan.org\/es\/involucrate\/programas-promocionales\/","name":"Programas promocionales: Apoya a Jay Nolan a trav\u00e9s de tus compras.","isPartOf":{"@id":"https:\/\/jaynolan.org\/es\/#website"},"primaryImageOfPage":{"@id":"https:\/\/jaynolan.org\/es\/involucrate\/programas-promocionales\/#primaryimage"},"image":{"@id":"https:\/\/jaynolan.org\/es\/involucrate\/programas-promocionales\/#primaryimage"},"thumbnailUrl":"https:\/\/jaynolan.org\/wp-content\/uploads\/2025\/02\/ralphs-1024x1024.png","datePublished":"2025-05-20T18:09:28+00:00","dateModified":"2026-01-24T08:06:26+00:00","description":"Apoye a Jay Nolan Community Services a trav\u00e9s de sencillos programas de promoci\u00f3n, como las tarjetas de fidelidad de los supermercados y las donaciones al realizar compras: convierta sus compras en una oportunidad para empoderar a la comunidad.","breadcrumb":{"@id":"https:\/\/jaynolan.org\/es\/involucrate\/programas-promocionales\/#breadcrumb"},"inLanguage":"es","potentialAction":[{"@type":"ReadAction","target":["https:\/\/jaynolan.org\/es\/involucrate\/programas-promocionales\/"]}]},{"@type":"ImageObject","inLanguage":"es","@id":"https:\/\/jaynolan.org\/es\/involucrate\/programas-promocionales\/#primaryimage","url":"https:\/\/jaynolan.org\/wp-content\/uploads\/2025\/02\/ralphs-1024x1024.png","contentUrl":"https:\/\/jaynolan.org\/wp-content\/uploads\/2025\/02\/ralphs-1024x1024.png"},{"@type":"BreadcrumbList","@id":"https:\/\/jaynolan.org\/es\/involucrate\/programas-promocionales\/#breadcrumb","itemListElement":[{"@type":"ListItem","position":1,"name":"Home","item":"https:\/\/jaynolan.org\/es\/"},{"@type":"ListItem","position":2,"name":"Invol\u00facrate","item":"https:\/\/jaynolan.org\/es\/involucrate\/"},{"@type":"ListItem","position":3,"name":"Programas promocionales"}]},{"@type":"WebSite","@id":"https:\/\/jaynolan.org\/es\/#website","url":"https:\/\/jaynolan.org\/es\/","name":"Jay Nolan Community Services","description":"Making a difference since 1975","publisher":{"@id":"https:\/\/jaynolan.org\/es\/#organization"},"potentialAction":[{"@type":"SearchAction","target":{"@type":"EntryPoint","urlTemplate":"https:\/\/jaynolan.org\/es\/?s={search_term_string}"},"query-input":{"@type":"PropertyValueSpecification","valueRequired":true,"valueName":"search_term_string"}}],"inLanguage":"es"},{"@type":"Organization","@id":"https:\/\/jaynolan.org\/es\/#organization","name":"Jay Nolan Community Service","url":"https:\/\/jaynolan.org\/es\/","logo":{"@type":"ImageObject","inLanguage":"es","@id":"https:\/\/jaynolan.org\/es\/#\/schema\/logo\/image\/","url":"https:\/\/jaynolan.org\/wp-content\/uploads\/2019\/04\/jncs6.png","contentUrl":"https:\/\/jaynolan.org\/wp-content\/uploads\/2019\/04\/jncs6.png","width":200,"height":60,"caption":"Jay Nolan Community Service"},"image":{"@id":"https:\/\/jaynolan.org\/es\/#\/schema\/logo\/image\/"},"sameAs":["https:\/\/www.facebook.com\/JayNolanCommunityServices\/","https:\/\/x.com\/jaynolanorg","https:\/\/www.linkedin.com\/company\/jay-nolan-community-services"]}]}},"_links":{"self":[{"href":"https:\/\/jaynolan.org\/es\/wp-json\/wp\/v2\/pages\/30042","targetHints":{"allow":["GET"]}}],"collection":[{"href":"https:\/\/jaynolan.org\/es\/wp-json\/wp\/v2\/pages"}],"about":[{"href":"https:\/\/jaynolan.org\/es\/wp-json\/wp\/v2\/types\/page"}],"author":[{"embeddable":true,"href":"https:\/\/jaynolan.org\/es\/wp-json\/wp\/v2\/users\/1"}],"replies":[{"embeddable":true,"href":"https:\/\/jaynolan.org\/es\/wp-json\/wp\/v2\/comments?post=30042"}],"version-history":[{"count":2,"href":"https:\/\/jaynolan.org\/es\/wp-json\/wp\/v2\/pages\/30042\/revisions"}],"predecessor-version":[{"id":30164,"href":"https:\/\/jaynolan.org\/es\/wp-json\/wp\/v2\/pages\/30042\/revisions\/30164"}],"up":[{"embeddable":true,"href":"https:\/\/jaynolan.org\/es\/wp-json\/wp\/v2\/pages\/16646"}],"wp:attachment":[{"href":"https:\/\/jaynolan.org\/es\/wp-json\/wp\/v2\/media?parent=30042"}],"curies":[{"name":"wp","href":"https:\/\/api.w.org\/{rel}","templated":true}]}}