{"id":30056,"date":"2025-01-10T20:42:05","date_gmt":"2025-01-11T04:42:05","guid":{"rendered":"https:\/\/jaynolan.org\/empresa\/sobre-nosotros\/"},"modified":"2026-01-23T23:57:21","modified_gmt":"2026-01-24T07:57:21","slug":"sobre-nosotros","status":"publish","type":"page","link":"https:\/\/jaynolan.org\/es\/empresa\/sobre-nosotros\/","title":{"rendered":"Sobre nosotros"},"content":{"rendered":"\t\t<div data-elementor-type=\"wp-page\" data-elementor-id=\"30056\" class=\"elementor elementor-30056 elementor-25921\" data-elementor-post-type=\"page\">\n\t\t\t\t<div class=\"elementor-element elementor-element-ee28252 e-flex e-con-boxed e-con e-parent\" data-id=\"ee28252\" data-element_type=\"container\" data-e-type=\"container\" data-settings=\"{&quot;background_background&quot;:&quot;classic&quot;}\">\n\t\t\t\t\t<div class=\"e-con-inner\">\n\t\t<div class=\"elementor-element elementor-element-56bb15c e-con-full e-flex e-con e-child\" data-id=\"56bb15c\" data-element_type=\"container\" data-e-type=\"container\" data-settings=\"{&quot;background_background&quot;:&quot;classic&quot;}\">\n\t\t<div class=\"elementor-element elementor-element-c17379b e-con-full e-flex e-con e-child\" data-id=\"c17379b\" data-element_type=\"container\" data-e-type=\"container\">\n\t\t\t\t<div class=\"elementor-element elementor-element-bf23d6a elementor-widget elementor-widget-heading\" data-id=\"bf23d6a\" data-element_type=\"widget\" data-e-type=\"widget\" data-widget_type=\"heading.default\">\n\t\t\t\t\t<h1 class=\"elementor-heading-title elementor-size-default\">Nuestra misi\u00f3n<\/h1>\t\t\t\t<\/div>\n\t\t\t\t<div class=\"elementor-element elementor-element-78cfd00 elementor-widget elementor-widget-heading\" data-id=\"78cfd00\" data-element_type=\"widget\" data-e-type=\"widget\" data-widget_type=\"heading.default\">\n\t\t\t\t\t<h2 class=\"elementor-heading-title elementor-size-default\">La misi\u00f3n de Jay Nolan Community Services, Inc. (JNCS) es permitir que las personas con trastornos del espectro autista y otras discapacidades del desarrollo vivan vidas plenas como miembros de la comunidad al brindar servicios de apoyo personalizados seg\u00fan sus necesidades individuales.<\/h2>\t\t\t\t<\/div>\n\t\t\t\t<div class=\"elementor-element elementor-element-b8e8d5a elementor-icon-list--layout-inline elementor-list-item-link-full_width elementor-widget elementor-widget-icon-list\" data-id=\"b8e8d5a\" data-element_type=\"widget\" data-e-type=\"widget\" data-widget_type=\"icon-list.default\">\n\t\t\t\t\t\t\t<ul class=\"elementor-icon-list-items elementor-inline-items\">\n\t\t\t\t\t\t\t<li class=\"elementor-icon-list-item elementor-inline-item\">\n\t\t\t\t\t\t\t\t\t\t\t<a href=\"https:\/\/jaynolan.org\/es\/involucrate\/\" target=\"_blank\">\n\n\t\t\t\t\t\t\t\t\t\t\t\t<span class=\"elementor-icon-list-icon\">\n\t\t\t\t\t\t\t<svg aria-hidden=\"true\" class=\"e-font-icon-svg e-fas-caret-right\" viewBox=\"0 0 192 512\" xmlns=\"http:\/\/www.w3.org\/2000\/svg\"><path d=\"M0 384.662V127.338c0-17.818 21.543-26.741 34.142-14.142l128.662 128.662c7.81 7.81 7.81 20.474 0 28.284L34.142 398.804C21.543 411.404 0 402.48 0 384.662z\"><\/path><\/svg>\t\t\t\t\t\t<\/span>\n\t\t\t\t\t\t\t\t\t\t<span class=\"elementor-icon-list-text\">Ay\u00fadanos a apoyar nuestra misi\u00f3n<\/span>\n\t\t\t\t\t\t\t\t\t\t\t<\/a>\n\t\t\t\t\t\t\t\t\t<\/li>\n\t\t\t\t\t\t<\/ul>\n\t\t\t\t\t\t<\/div>\n\t\t\t\t<\/div>\n\t\t\t\t<\/div>\n\t\t<div class=\"elementor-element elementor-element-5900da1 e-con-full e-flex e-con e-child\" data-id=\"5900da1\" data-element_type=\"container\" data-e-type=\"container\" data-settings=\"{&quot;background_background&quot;:&quot;classic&quot;}\">\n\t\t\t\t<div class=\"elementor-element elementor-element-47a60cd elementor--h-position-left elementor--v-position-bottom elementor-pagination-position-inside elementor-widget elementor-widget-slides\" data-id=\"47a60cd\" data-element_type=\"widget\" data-e-type=\"widget\" data-settings=\"{&quot;transition&quot;:&quot;fade&quot;,&quot;transition_speed&quot;:&quot;2000&quot;,&quot;navigation&quot;:&quot;dots&quot;,&quot;autoplay&quot;:&quot;yes&quot;,&quot;autoplay_speed&quot;:5000,&quot;infinite&quot;:&quot;yes&quot;}\" data-widget_type=\"slides.default\">\n\t\t\t\t\t\t\t\t\t\t<div class=\"elementor-slides-wrapper elementor-main-swiper swiper\" role=\"region\" aria-roledescription=\"carousel\" aria-label=\"\" dir=\"ltr\" data-animation=\"\">\n\t\t\t\t<div class=\"swiper-wrapper elementor-slides\">\n\t\t\t\t\t\t\t\t\t\t<div class=\"elementor-repeater-item-2a7e0eb swiper-slide\" role=\"group\" aria-roledescription=\"slide\"><div class=\"swiper-slide-bg\" role=\"img\" aria-label=\"Who We Are\"><\/div><div class=\"elementor-background-overlay\"><\/div><div class=\"swiper-slide-inner\" ><div class=\"swiper-slide-contents\"><div class=\"elementor-slide-heading\">Resultados clave<\/div><div class=\"elementor-slide-description\"><p>Jay Nolan Community Services<\/p>\n<\/div><\/div><\/div><\/div><div class=\"elementor-repeater-item-125534d swiper-slide\" role=\"group\" aria-roledescription=\"slide\"><div class=\"swiper-slide-bg\" role=\"img\" aria-label=\"giving-tuesday\"><\/div><div class=\"elementor-background-overlay\"><\/div><div class=\"swiper-slide-inner\" ><div class=\"swiper-slide-contents\"><div class=\"elementor-slide-heading\">Significativo<\/div><div class=\"elementor-slide-description\"><p>Todas las personas a las que apoyamos tendr\u00e1n vidas significativas en la comunidad<\/p>\n<\/div><\/div><\/div><\/div><div class=\"elementor-repeater-item-59acbbf swiper-slide\" role=\"group\" aria-roledescription=\"slide\"><div class=\"swiper-slide-bg\" role=\"img\" aria-label=\"#GivingTuesday!\"><\/div><div class=\"elementor-background-overlay\"><\/div><div class=\"swiper-slide-inner\" ><div class=\"swiper-slide-contents\"><div class=\"elementor-slide-heading\">Valorados<\/div><div class=\"elementor-slide-description\"><p>Todos los empleados de JNCS se sentir\u00e1n valorados y apoyados en su rol.<\/p>\n<\/div><\/div><\/div><\/div><div class=\"elementor-repeater-item-f128917 swiper-slide\" role=\"group\" aria-roledescription=\"slide\"><div class=\"swiper-slide-bg\" role=\"img\" aria-label=\"giving-back-1\"><\/div><div class=\"elementor-background-overlay\"><\/div><div class=\"swiper-slide-inner\" ><div class=\"swiper-slide-contents\"><div class=\"elementor-slide-heading\">L\u00edder<\/div><div class=\"elementor-slide-description\"><p><em>JNCS ser\u00e1 un l\u00edder demostrado en la prestaci\u00f3n de apoyo individualizado para personas con discapacidades del desarrollo y otras discapacidades.<\/em><\/p>\n<\/div><\/div><\/div><\/div>\t\t\t\t<\/div>\n\t\t\t\t\t\t\t\t\t\t\t\t\t\t\t\t\t\t\t\t<div class=\"swiper-pagination\"><\/div>\n\t\t\t\t\t\t\t\t\t\t\t\t<\/div>\n\t\t\t\t\t\t\t\t<\/div>\n\t\t\t\t<\/div>\n\t\t\t\t\t<\/div>\n\t\t\t\t<\/div>\n\t\t<div class=\"elementor-element elementor-element-3ad9f95 e-flex e-con-boxed e-con e-parent\" data-id=\"3ad9f95\" data-element_type=\"container\" data-e-type=\"container\" data-settings=\"{&quot;background_background&quot;:&quot;classic&quot;}\">\n\t\t\t\t\t<div class=\"e-con-inner\">\n\t\t<div class=\"elementor-element elementor-element-f7a64bd e-con-full e-flex e-con e-child\" data-id=\"f7a64bd\" data-element_type=\"container\" data-e-type=\"container\" data-settings=\"{&quot;background_background&quot;:&quot;classic&quot;}\">\n\t\t\t\t<div class=\"elementor-element elementor-element-88d40a8 elementor-widget elementor-widget-heading\" data-id=\"88d40a8\" data-element_type=\"widget\" data-e-type=\"widget\" data-widget_type=\"heading.default\">\n\t\t\t\t\t<h2 class=\"elementor-heading-title elementor-size-default\">Qui\u00e9nes somos<\/h2>\t\t\t\t<\/div>\n\t\t\t\t<div class=\"elementor-element elementor-element-009bbef elementor-widget elementor-widget-heading\" data-id=\"009bbef\" data-element_type=\"widget\" data-e-type=\"widget\" data-widget_type=\"heading.default\">\n\t\t\t\t\t<h2 class=\"elementor-heading-title elementor-size-default\">Servicios Comunitarios Jay Nolan (JNCS) es una organizaci\u00f3n sin fines de lucro 501(c)(3)<\/h2>\t\t\t\t<\/div>\n\t\t<div class=\"elementor-element elementor-element-d59591d e-grid e-con-full e-con e-child\" data-id=\"d59591d\" data-element_type=\"container\" data-e-type=\"container\">\n\t\t\t\t<div class=\"elementor-element elementor-element-b3873f0 elementor-widget elementor-widget-counter\" data-id=\"b3873f0\" data-element_type=\"widget\" data-e-type=\"widget\" data-widget_type=\"counter.default\">\n\t\t\t\t\t\t\t<div class=\"elementor-counter\">\n\t\t\t<div class=\"elementor-counter-title\">+Personas atendidas cada a\u00f1o<\/div>\t\t\t<div class=\"elementor-counter-number-wrapper\">\n\t\t\t\t<span class=\"elementor-counter-number-prefix\"><\/span>\n\t\t\t\t<span class=\"elementor-counter-number\" data-duration=\"2000\" data-to-value=\"560\" data-from-value=\"0\" data-delimiter=\",\">0<\/span>\n\t\t\t\t<span class=\"elementor-counter-number-suffix\">+<\/span>\n\t\t\t<\/div>\n\t\t<\/div>\n\t\t\t\t\t\t<\/div>\n\t\t\t\t<div class=\"elementor-element elementor-element-831d84d elementor-widget elementor-widget-counter\" data-id=\"831d84d\" data-element_type=\"widget\" data-e-type=\"widget\" data-widget_type=\"counter.default\">\n\t\t\t\t\t\t\t<div class=\"elementor-counter\">\n\t\t\t<div class=\"elementor-counter-title\">Personal dedicado<\/div>\t\t\t<div class=\"elementor-counter-number-wrapper\">\n\t\t\t\t<span class=\"elementor-counter-number-prefix\"><\/span>\n\t\t\t\t<span class=\"elementor-counter-number\" data-duration=\"2000\" data-to-value=\"750\" data-from-value=\"0\" data-delimiter=\",\">0<\/span>\n\t\t\t\t<span class=\"elementor-counter-number-suffix\">+<\/span>\n\t\t\t<\/div>\n\t\t<\/div>\n\t\t\t\t\t\t<\/div>\n\t\t\t\t<div class=\"elementor-element elementor-element-7a7a47c elementor-widget elementor-widget-counter\" data-id=\"7a7a47c\" data-element_type=\"widget\" data-e-type=\"widget\" data-widget_type=\"counter.default\">\n\t\t\t\t\t\t\t<div class=\"elementor-counter\">\n\t\t\t<div class=\"elementor-counter-title\">Oficinas en todo California<\/div>\t\t\t<div class=\"elementor-counter-number-wrapper\">\n\t\t\t\t<span class=\"elementor-counter-number-prefix\"><\/span>\n\t\t\t\t<span class=\"elementor-counter-number\" data-duration=\"2000\" data-to-value=\"9\" data-from-value=\"0\" data-delimiter=\",\">0<\/span>\n\t\t\t\t<span class=\"elementor-counter-number-suffix\"><\/span>\n\t\t\t<\/div>\n\t\t<\/div>\n\t\t\t\t\t\t<\/div>\n\t\t\t\t<div class=\"elementor-element elementor-element-3bdc437 elementor-widget elementor-widget-counter\" data-id=\"3bdc437\" data-element_type=\"widget\" data-e-type=\"widget\" data-widget_type=\"counter.default\">\n\t\t\t\t\t\t\t<div class=\"elementor-counter\">\n\t\t\t<div class=\"elementor-counter-title\">Puntuaci\u00f3n neta del promotor (NPS)<\/div>\t\t\t<div class=\"elementor-counter-number-wrapper\">\n\t\t\t\t<span class=\"elementor-counter-number-prefix\"><\/span>\n\t\t\t\t<span class=\"elementor-counter-number\" data-duration=\"2000\" data-to-value=\"75\" data-from-value=\"0\" data-delimiter=\",\">0<\/span>\n\t\t\t\t<span class=\"elementor-counter-number-suffix\"><\/span>\n\t\t\t<\/div>\n\t\t<\/div>\n\t\t\t\t\t\t<\/div>\n\t\t\t\t<\/div>\n\t\t\t\t<\/div>\n\t\t<div class=\"elementor-element elementor-element-a3d6fb5 e-con-full e-flex e-con e-child\" data-id=\"a3d6fb5\" data-element_type=\"container\" data-e-type=\"container\">\n\t\t\t\t<div class=\"elementor-element elementor-element-9c4ac13 elementor-icon-list--layout-inline elementor-list-item-link-full_width elementor-widget elementor-widget-icon-list\" data-id=\"9c4ac13\" data-element_type=\"widget\" data-e-type=\"widget\" data-widget_type=\"icon-list.default\">\n\t\t\t\t\t\t\t<ul class=\"elementor-icon-list-items elementor-inline-items\">\n\t\t\t\t\t\t\t<li class=\"elementor-icon-list-item elementor-inline-item\">\n\t\t\t\t\t\t\t\t\t\t<span class=\"elementor-icon-list-text\">Lo que hacemos<\/span>\n\t\t\t\t\t\t\t\t\t<\/li>\n\t\t\t\t\t\t<\/ul>\n\t\t\t\t\t\t<\/div>\n\t\t\t\t<div class=\"elementor-element elementor-element-0f4881f elementor-widget elementor-widget-heading\" data-id=\"0f4881f\" data-element_type=\"widget\" data-e-type=\"widget\" data-widget_type=\"heading.default\">\n\t\t\t\t\t<h2 class=\"elementor-heading-title elementor-size-default\">Hoy, JNCS ofrece una variedad de servicios de apoyo en todo California<\/h2>\t\t\t\t<\/div>\n\t\t\t\t<div class=\"elementor-element elementor-element-1bc80b1 elementor-icon-list--layout-inline elementor-list-item-link-full_width elementor-widget elementor-widget-icon-list\" data-id=\"1bc80b1\" data-element_type=\"widget\" data-e-type=\"widget\" data-widget_type=\"icon-list.default\">\n\t\t\t\t\t\t\t<ul class=\"elementor-icon-list-items elementor-inline-items\">\n\t\t\t\t\t\t\t<li class=\"elementor-icon-list-item elementor-inline-item\">\n\t\t\t\t\t\t\t\t\t\t<span class=\"elementor-icon-list-text\">Por qu\u00e9 es importante<\/span>\n\t\t\t\t\t\t\t\t\t<\/li>\n\t\t\t\t\t\t<\/ul>\n\t\t\t\t\t\t<\/div>\n\t\t\t\t<div class=\"elementor-element elementor-element-3c2c085 elementor-widget elementor-widget-heading\" data-id=\"3c2c085\" data-element_type=\"widget\" data-e-type=\"widget\" data-widget_type=\"heading.default\">\n\t\t\t\t\t<h2 class=\"elementor-heading-title elementor-size-default\">Nos adherimos a la creencia fundamental de que la comunidad no est\u00e1 completa sin ti.<\/h2>\t\t\t\t<\/div>\n\t\t\t\t<\/div>\n\t\t\t\t\t<\/div>\n\t\t\t\t<\/div>\n\t\t\t\t<\/div>\n\t\t","protected":false},"excerpt":{"rendered":"<p>Nuestra misi\u00f3n La misi\u00f3n de Jay Nolan Community Services, Inc. (JNCS) es permitir que las personas con trastornos del espectro autista y otras discapacidades del desarrollo vivan vidas plenas como [&hellip;]<\/p>\n","protected":false},"author":1,"featured_media":0,"parent":16649,"menu_order":0,"comment_status":"closed","ping_status":"closed","template":"elementor_header_footer","meta":{"_acf_changed":false,"_price":"","_stock":"","_tribe_ticket_header":"","_tribe_default_ticket_provider":"","_tribe_ticket_capacity":"0","_ticket_start_date":"","_ticket_end_date":"","_tribe_ticket_show_description":"","_tribe_ticket_show_not_going":false,"_tribe_ticket_use_global_stock":"","_tribe_ticket_global_stock_level":"","_global_stock_mode":"","_global_stock_cap":"","_tribe_rsvp_for_event":"","_tribe_ticket_going_count":"","_tribe_ticket_not_going_count":"","_tribe_tickets_list":"[]","_tribe_ticket_has_attendee_info_fields":false,"footnotes":""},"class_list":["post-30056","page","type-page","status-publish","hentry"],"acf":[],"yoast_head":"<!-- This site is optimized with the Yoast SEO plugin v27.3 - https:\/\/yoast.com\/product\/yoast-seo-wordpress\/ -->\n<title>Servicios | Misi\u00f3n e Historia<\/title>\n<meta name=\"description\" content=\"Conoce la misi\u00f3n, historia y liderazgo de Jay Nolan Community Services como organizaci\u00f3n sin fines de lucro que apoya a personas neurodiversas desde 1975.\" \/>\n<meta name=\"robots\" content=\"index, follow, max-snippet:-1, max-image-preview:large, max-video-preview:-1\" \/>\n<link rel=\"canonical\" href=\"https:\/\/jaynolan.org\/es\/empresa\/sobre-nosotros\/\" \/>\n<meta property=\"og:locale\" content=\"es_ES\" \/>\n<meta property=\"og:type\" content=\"article\" \/>\n<meta property=\"og:title\" content=\"Sobre Jay Nolan: Misi\u00f3n e impacto\" \/>\n<meta property=\"og:description\" content=\"Descubre nuestra misi\u00f3n e historia de apoyo a personas neurodiversas con autismo y discapacidades del desarrollo desde 1975.\" \/>\n<meta property=\"og:url\" content=\"https:\/\/jaynolan.org\/es\/empresa\/sobre-nosotros\/\" \/>\n<meta property=\"og:site_name\" content=\"Jay Nolan Community Services\" \/>\n<meta property=\"article:publisher\" content=\"https:\/\/www.facebook.com\/JayNolanCommunityServices\/\" \/>\n<meta property=\"article:modified_time\" content=\"2026-01-24T07:57:21+00:00\" \/>\n<meta property=\"og:image\" content=\"https:\/\/jaynolan.org\/wp-content\/uploads\/2019\/06\/facebook-post-image-default.jpg\" \/>\n\t<meta property=\"og:image:width\" content=\"1200\" \/>\n\t<meta property=\"og:image:height\" content=\"628\" \/>\n\t<meta property=\"og:image:type\" content=\"image\/jpeg\" \/>\n<meta name=\"twitter:card\" content=\"summary_large_image\" \/>\n<meta name=\"twitter:title\" content=\"Sobre Jay Nolan: Misi\u00f3n e impacto\" \/>\n<meta name=\"twitter:description\" content=\"Descubre nuestra misi\u00f3n e historia de apoyo a personas neurodiversas con autismo y discapacidades del desarrollo desde 1975.\" \/>\n<meta name=\"twitter:site\" content=\"@jaynolanorg\" \/>\n<meta name=\"twitter:label1\" content=\"Tiempo de lectura\" \/>\n\t<meta name=\"twitter:data1\" content=\"1 minuto\" \/>\n<script type=\"application\/ld+json\" class=\"yoast-schema-graph\">{\"@context\":\"https:\\\/\\\/schema.org\",\"@graph\":[{\"@type\":\"WebPage\",\"@id\":\"https:\\\/\\\/jaynolan.org\\\/es\\\/empresa\\\/sobre-nosotros\\\/\",\"url\":\"https:\\\/\\\/jaynolan.org\\\/es\\\/empresa\\\/sobre-nosotros\\\/\",\"name\":\"Servicios | Misi\u00f3n e Historia\",\"isPartOf\":{\"@id\":\"https:\\\/\\\/jaynolan.org\\\/es\\\/#website\"},\"datePublished\":\"2025-01-11T04:42:05+00:00\",\"dateModified\":\"2026-01-24T07:57:21+00:00\",\"description\":\"Conoce la misi\u00f3n, historia y liderazgo de Jay Nolan Community Services como organizaci\u00f3n sin fines de lucro que apoya a personas neurodiversas desde 1975.\",\"breadcrumb\":{\"@id\":\"https:\\\/\\\/jaynolan.org\\\/es\\\/empresa\\\/sobre-nosotros\\\/#breadcrumb\"},\"inLanguage\":\"es\",\"potentialAction\":[{\"@type\":\"ReadAction\",\"target\":[\"https:\\\/\\\/jaynolan.org\\\/es\\\/empresa\\\/sobre-nosotros\\\/\"]}]},{\"@type\":\"BreadcrumbList\",\"@id\":\"https:\\\/\\\/jaynolan.org\\\/es\\\/empresa\\\/sobre-nosotros\\\/#breadcrumb\",\"itemListElement\":[{\"@type\":\"ListItem\",\"position\":1,\"name\":\"Home\",\"item\":\"https:\\\/\\\/jaynolan.org\\\/es\\\/\"},{\"@type\":\"ListItem\",\"position\":2,\"name\":\"Empresa\",\"item\":\"https:\\\/\\\/jaynolan.org\\\/es\\\/empresa\\\/\"},{\"@type\":\"ListItem\",\"position\":3,\"name\":\"Sobre nosotros\"}]},{\"@type\":\"WebSite\",\"@id\":\"https:\\\/\\\/jaynolan.org\\\/es\\\/#website\",\"url\":\"https:\\\/\\\/jaynolan.org\\\/es\\\/\",\"name\":\"Jay Nolan Community Services\",\"description\":\"Making a difference since 1975\",\"publisher\":{\"@id\":\"https:\\\/\\\/jaynolan.org\\\/es\\\/#organization\"},\"potentialAction\":[{\"@type\":\"SearchAction\",\"target\":{\"@type\":\"EntryPoint\",\"urlTemplate\":\"https:\\\/\\\/jaynolan.org\\\/es\\\/?s={search_term_string}\"},\"query-input\":{\"@type\":\"PropertyValueSpecification\",\"valueRequired\":true,\"valueName\":\"search_term_string\"}}],\"inLanguage\":\"es\"},{\"@type\":\"Organization\",\"@id\":\"https:\\\/\\\/jaynolan.org\\\/es\\\/#organization\",\"name\":\"Jay Nolan Community Service\",\"url\":\"https:\\\/\\\/jaynolan.org\\\/es\\\/\",\"logo\":{\"@type\":\"ImageObject\",\"inLanguage\":\"es\",\"@id\":\"https:\\\/\\\/jaynolan.org\\\/es\\\/#\\\/schema\\\/logo\\\/image\\\/\",\"url\":\"https:\\\/\\\/jaynolan.org\\\/wp-content\\\/uploads\\\/2019\\\/04\\\/jncs6.png\",\"contentUrl\":\"https:\\\/\\\/jaynolan.org\\\/wp-content\\\/uploads\\\/2019\\\/04\\\/jncs6.png\",\"width\":200,\"height\":60,\"caption\":\"Jay Nolan Community Service\"},\"image\":{\"@id\":\"https:\\\/\\\/jaynolan.org\\\/es\\\/#\\\/schema\\\/logo\\\/image\\\/\"},\"sameAs\":[\"https:\\\/\\\/www.facebook.com\\\/JayNolanCommunityServices\\\/\",\"https:\\\/\\\/x.com\\\/jaynolanorg\",\"https:\\\/\\\/www.linkedin.com\\\/company\\\/jay-nolan-community-services\"]}]}<\/script>\n<!-- \/ Yoast SEO plugin. -->","yoast_head_json":{"title":"Servicios | Misi\u00f3n e Historia","description":"Conoce la misi\u00f3n, historia y liderazgo de Jay Nolan Community Services como organizaci\u00f3n sin fines de lucro que apoya a personas neurodiversas desde 1975.","robots":{"index":"index","follow":"follow","max-snippet":"max-snippet:-1","max-image-preview":"max-image-preview:large","max-video-preview":"max-video-preview:-1"},"canonical":"https:\/\/jaynolan.org\/es\/empresa\/sobre-nosotros\/","og_locale":"es_ES","og_type":"article","og_title":"Sobre Jay Nolan: Misi\u00f3n e impacto","og_description":"Descubre nuestra misi\u00f3n e historia de apoyo a personas neurodiversas con autismo y discapacidades del desarrollo desde 1975.","og_url":"https:\/\/jaynolan.org\/es\/empresa\/sobre-nosotros\/","og_site_name":"Jay Nolan Community Services","article_publisher":"https:\/\/www.facebook.com\/JayNolanCommunityServices\/","article_modified_time":"2026-01-24T07:57:21+00:00","og_image":[{"width":1200,"height":628,"url":"https:\/\/jaynolan.org\/wp-content\/uploads\/2019\/06\/facebook-post-image-default.jpg","type":"image\/jpeg"}],"twitter_card":"summary_large_image","twitter_title":"Sobre Jay Nolan: Misi\u00f3n e impacto","twitter_description":"Descubre nuestra misi\u00f3n e historia de apoyo a personas neurodiversas con autismo y discapacidades del desarrollo desde 1975.","twitter_site":"@jaynolanorg","twitter_misc":{"Tiempo de lectura":"1 minuto"},"schema":{"@context":"https:\/\/schema.org","@graph":[{"@type":"WebPage","@id":"https:\/\/jaynolan.org\/es\/empresa\/sobre-nosotros\/","url":"https:\/\/jaynolan.org\/es\/empresa\/sobre-nosotros\/","name":"Servicios | Misi\u00f3n e Historia","isPartOf":{"@id":"https:\/\/jaynolan.org\/es\/#website"},"datePublished":"2025-01-11T04:42:05+00:00","dateModified":"2026-01-24T07:57:21+00:00","description":"Conoce la misi\u00f3n, historia y liderazgo de Jay Nolan Community Services como organizaci\u00f3n sin fines de lucro que apoya a personas neurodiversas desde 1975.","breadcrumb":{"@id":"https:\/\/jaynolan.org\/es\/empresa\/sobre-nosotros\/#breadcrumb"},"inLanguage":"es","potentialAction":[{"@type":"ReadAction","target":["https:\/\/jaynolan.org\/es\/empresa\/sobre-nosotros\/"]}]},{"@type":"BreadcrumbList","@id":"https:\/\/jaynolan.org\/es\/empresa\/sobre-nosotros\/#breadcrumb","itemListElement":[{"@type":"ListItem","position":1,"name":"Home","item":"https:\/\/jaynolan.org\/es\/"},{"@type":"ListItem","position":2,"name":"Empresa","item":"https:\/\/jaynolan.org\/es\/empresa\/"},{"@type":"ListItem","position":3,"name":"Sobre nosotros"}]},{"@type":"WebSite","@id":"https:\/\/jaynolan.org\/es\/#website","url":"https:\/\/jaynolan.org\/es\/","name":"Jay Nolan Community Services","description":"Making a difference since 1975","publisher":{"@id":"https:\/\/jaynolan.org\/es\/#organization"},"potentialAction":[{"@type":"SearchAction","target":{"@type":"EntryPoint","urlTemplate":"https:\/\/jaynolan.org\/es\/?s={search_term_string}"},"query-input":{"@type":"PropertyValueSpecification","valueRequired":true,"valueName":"search_term_string"}}],"inLanguage":"es"},{"@type":"Organization","@id":"https:\/\/jaynolan.org\/es\/#organization","name":"Jay Nolan Community Service","url":"https:\/\/jaynolan.org\/es\/","logo":{"@type":"ImageObject","inLanguage":"es","@id":"https:\/\/jaynolan.org\/es\/#\/schema\/logo\/image\/","url":"https:\/\/jaynolan.org\/wp-content\/uploads\/2019\/04\/jncs6.png","contentUrl":"https:\/\/jaynolan.org\/wp-content\/uploads\/2019\/04\/jncs6.png","width":200,"height":60,"caption":"Jay Nolan Community Service"},"image":{"@id":"https:\/\/jaynolan.org\/es\/#\/schema\/logo\/image\/"},"sameAs":["https:\/\/www.facebook.com\/JayNolanCommunityServices\/","https:\/\/x.com\/jaynolanorg","https:\/\/www.linkedin.com\/company\/jay-nolan-community-services"]}]}},"_links":{"self":[{"href":"https:\/\/jaynolan.org\/es\/wp-json\/wp\/v2\/pages\/30056","targetHints":{"allow":["GET"]}}],"collection":[{"href":"https:\/\/jaynolan.org\/es\/wp-json\/wp\/v2\/pages"}],"about":[{"href":"https:\/\/jaynolan.org\/es\/wp-json\/wp\/v2\/types\/page"}],"author":[{"embeddable":true,"href":"https:\/\/jaynolan.org\/es\/wp-json\/wp\/v2\/users\/1"}],"replies":[{"embeddable":true,"href":"https:\/\/jaynolan.org\/es\/wp-json\/wp\/v2\/comments?post=30056"}],"version-history":[{"count":4,"href":"https:\/\/jaynolan.org\/es\/wp-json\/wp\/v2\/pages\/30056\/revisions"}],"predecessor-version":[{"id":31933,"href":"https:\/\/jaynolan.org\/es\/wp-json\/wp\/v2\/pages\/30056\/revisions\/31933"}],"up":[{"embeddable":true,"href":"https:\/\/jaynolan.org\/es\/wp-json\/wp\/v2\/pages\/16649"}],"wp:attachment":[{"href":"https:\/\/jaynolan.org\/es\/wp-json\/wp\/v2\/media?parent=30056"}],"curies":[{"name":"wp","href":"https:\/\/api.w.org\/{rel}","templated":true}]}}