{"id":30105,"date":"2025-01-30T16:41:52","date_gmt":"2025-01-31T00:41:52","guid":{"rendered":"https:\/\/jaynolan.org\/politicas-del-sitio-web\/terminos-y-condiciones\/"},"modified":"2026-01-24T00:16:25","modified_gmt":"2026-01-24T08:16:25","slug":"terminos-y-condiciones","status":"publish","type":"page","link":"https:\/\/jaynolan.org\/es\/politicas-del-sitio-web\/terminos-y-condiciones\/","title":{"rendered":"T\u00e9rminos y Condiciones"},"content":{"rendered":"\t\t<div data-elementor-type=\"wp-page\" data-elementor-id=\"30105\" class=\"elementor elementor-30105 elementor-26324\" data-elementor-post-type=\"page\">\n\t\t\t\t<div class=\"elementor-element elementor-element-3759cdb e-flex e-con-boxed e-con e-parent\" data-id=\"3759cdb\" data-element_type=\"container\" data-e-type=\"container\" data-settings=\"{&quot;background_background&quot;:&quot;classic&quot;}\">\n\t\t\t\t\t<div class=\"e-con-inner\">\n\t\t<div class=\"elementor-element elementor-element-150bcbc e-con-full e-flex e-con e-child\" data-id=\"150bcbc\" data-element_type=\"container\" data-e-type=\"container\" data-settings=\"{&quot;background_background&quot;:&quot;classic&quot;}\">\n\t\t<div class=\"elementor-element elementor-element-8637414 e-con-full e-flex e-con e-child\" data-id=\"8637414\" data-element_type=\"container\" data-e-type=\"container\">\n\t\t\t\t<div class=\"elementor-element elementor-element-2944a17 elementor-widget elementor-widget-heading\" data-id=\"2944a17\" data-element_type=\"widget\" data-e-type=\"widget\" data-widget_type=\"heading.default\">\n\t\t\t\t\t<h1 class=\"elementor-heading-title elementor-size-default\">T\u00e9rminos y Condiciones<\/h1>\t\t\t\t<\/div>\n\t\t\t\t<div class=\"elementor-element elementor-element-59c6efa elementor-icon-list--layout-traditional elementor-list-item-link-full_width elementor-widget elementor-widget-icon-list\" data-id=\"59c6efa\" data-element_type=\"widget\" data-e-type=\"widget\" data-widget_type=\"icon-list.default\">\n\t\t\t\t\t\t\t<ul class=\"elementor-icon-list-items\">\n\t\t\t\t\t\t\t<li class=\"elementor-icon-list-item\">\n\t\t\t\t\t\t\t\t\t\t\t<a href=\"https:\/\/jaynolan.org\/es\/politicas-del-sitio-web\/\">\n\n\t\t\t\t\t\t\t\t\t\t\t\t<span class=\"elementor-icon-list-icon\">\n\t\t\t\t\t\t\t<svg aria-hidden=\"true\" class=\"e-font-icon-svg e-fas-caret-left\" viewBox=\"0 0 192 512\" xmlns=\"http:\/\/www.w3.org\/2000\/svg\"><path d=\"M192 127.338v257.324c0 17.818-21.543 26.741-34.142 14.142L29.196 270.142c-7.81-7.81-7.81-20.474 0-28.284l128.662-128.662c12.599-12.6 34.142-3.676 34.142 14.142z\"><\/path><\/svg>\t\t\t\t\t\t<\/span>\n\t\t\t\t\t\t\t\t\t\t<span class=\"elementor-icon-list-text\">Ver todas las pol\u00edticas del sitio web<\/span>\n\t\t\t\t\t\t\t\t\t\t\t<\/a>\n\t\t\t\t\t\t\t\t\t<\/li>\n\t\t\t\t\t\t<\/ul>\n\t\t\t\t\t\t<\/div>\n\t\t\t\t<div class=\"elementor-element elementor-element-4115b1e elementor-widget elementor-widget-text-editor\" data-id=\"4115b1e\" data-element_type=\"widget\" data-e-type=\"widget\" data-widget_type=\"text-editor.default\">\n\t\t\t\t\t\t\t\t\t<div id=\"section1\">\n<b>Acuerdo entre el Usuario y jaynolan.org<\/b><\/p>\n<p>Bienvenido a jaynolan.org. El sitio web jaynolan.org (el \u00abSitio\u00bb) est\u00e1 compuesto por diversas p\u00e1ginas gestionadas por Jay Nolan Community Services Inc. (\u00abJNCS\u00bb). jaynolan.org se ofrece condicionado a la aceptaci\u00f3n, sin modificaciones, de los t\u00e9rminos, condiciones y avisos aqu\u00ed contenidos (los \u00abT\u00e9rminos\u00bb). El uso de jaynolan.org constituye su aceptaci\u00f3n de todos esos T\u00e9rminos. Por favor lea atentamente estos t\u00e9rminos y conserve una copia para su referencia.<\/p>\n<p>jaynolan.org es un sitio de comercio electr\u00f3nico.<\/p>\n<p>El Sitio proporciona informaci\u00f3n sobre los servicios y programas de JNCS.<\/p>\n<p><b>Comunicaciones electr\u00f3nicas<\/b><\/p>\n<p>Visitar jaynolan.org o enviar correos electr\u00f3nicos a JNCS constituye comunicaciones electr\u00f3nicas. Usted consiente en recibir comunicaciones electr\u00f3nicas y acepta que todos los acuerdos, avisos, divulgaciones y otras comunicaciones que le proporcionamos electr\u00f3nicamente, por correo electr\u00f3nico y en el Sitio, satisfacen cualquier requisito legal de que dichas comunicaciones sean por escrito.<\/p>\n<p><b>Menores de trece a\u00f1os<\/b><\/p>\n<p>JNCS no recopila, a sabiendas, informaci\u00f3n personal de menores de trece a\u00f1os. Si usted tiene menos de trece a\u00f1os, debe pedir permiso a sus padres o tutores para utilizar este sitio.<\/p>\n<p><b>Servicios de terceros y enlaces a sitios de terceros<\/b><\/p>\n<p>El Sitio puede contener enlaces a otros sitios web (\u00abSitios enlazados\u00bb). Los Sitios enlazados no est\u00e1n bajo el control de JNCS y JNCS no es responsable de los contenidos de ning\u00fan Sitio enlazado, incluyendo, sin limitaci\u00f3n, cualquier enlace contenido en un Sitio enlazado, o de cualquier cambio o actualizaci\u00f3n de un Sitio enlazado. JNCS le proporciona estos enlaces solo para su conveniencia, y la inclusi\u00f3n de cualquier enlace no implica el aval de JNCS del sitio ni asociaci\u00f3n alguna con sus operadores. Ciertos servicios disponibles a trav\u00e9s de jaynolan.org son proporcionados por sitios y organizaciones de terceros. Al utilizar cualquier producto, servicio o funcionalidad proveniente del dominio jaynolan.org, usted reconoce y consiente que JNCS pueda compartir dicha informaci\u00f3n y datos con cualquier tercero con quien JNCS tenga una relaci\u00f3n contractual para proveer el producto, servicio o funcionalidad solicitada en nombre de los usuarios y clientes de jaynolan.org.<\/p>\n<p><b>Uso ilegal o prohibido\/Propiedad intelectual<\/b><\/p>\n<p>Se le concede una licencia no exclusiva, intransferible y revocable para acceder y utilizar jaynolan.org estrictamente de acuerdo con estos t\u00e9rminos de uso. Como condici\u00f3n para el uso del Sitio, usted garantiza a JNCS que no utilizar\u00e1 el Sitio para ning\u00fan prop\u00f3sito que sea ilegal o est\u00e9 prohibido por estos T\u00e9rminos. No puede usar el Sitio de tal manera que pueda da\u00f1ar, deshabilitar, sobrecargar o deteriorar el Sitio o interferir con el uso y disfrute del Sitio por parte de terceros. Usted no puede obtener o intentar obtener materiales o informaci\u00f3n a trav\u00e9s de medios no intencionalmente puestos a disposici\u00f3n u ofrecidos a trav\u00e9s del Sitio.<\/p>\n<p>Todo el contenido incluido como parte del Servicio, como texto, gr\u00e1ficos, logotipos, im\u00e1genes, as\u00ed como su compilaci\u00f3n, y cualquier software utilizado en el Sitio, es propiedad de JNCS o sus proveedores y est\u00e1 protegido por derechos de autor y otras leyes que protegen la propiedad intelectual y derechos de propiedad. Usted se compromete a observar y respetar todos los derechos de autor y dem\u00e1s avisos de propiedad, leyendas u otras restricciones incluidas en cualquier contenido y no har\u00e1 cambios en el mismo.<\/p>\n<p><b>Materiales proporcionados a JNCS o publicados en jaynolan.org<\/b><\/p>\n<p>JNCS no reclama la propiedad de los materiales que usted proporcione a jaynolan.org (incluyendo comentarios y sugerencias) o que publique, cargue, ingrese o env\u00ede a cualquier Sitio de JNCS o a nuestros servicios asociados (colectivamente \u00abEnv\u00edos\u00bb). Sin embargo, al publicar, cargar, ingresar, proporcionar o enviar su Env\u00edo usted otorga a JNCS, a nuestras empresas afiliadas y a los sublicenciatarios necesarios permiso para usar su Env\u00edo en relaci\u00f3n con la operaci\u00f3n de sus negocios de Internet incluyendo, sin limitaci\u00f3n, los derechos a copiar, distribuir, transmitir, mostrar p\u00fablicamente, ejecutar p\u00fablicamente, reproducir, editar, traducir y volver a formatear su Env\u00edo; y a publicar su nombre en relaci\u00f3n con su Env\u00edo.<\/p>\n<p>No se pagar\u00e1 ninguna compensaci\u00f3n con respecto al uso de su Env\u00edo. JNCS no tiene obligaci\u00f3n de publicar o utilizar cualquier Env\u00edo que usted pueda proporcionar y puede eliminar cualquier Env\u00edo en cualquier momento a exclusivo criterio de JNCS.<\/p>\n<p><b>Exenci\u00f3n de responsabilidad de responsabilidad<\/b><\/p>\n<p>La informaci\u00f3n, el software, los productos y los servicios incluidos o disponibles a trav\u00e9s del Sitio pueden incluir inexactitudes o errores tipogr\u00e1ficos. Se realizan cambios peri\u00f3dicos a la informaci\u00f3n contenida en el Sitio. JNCS y\/o sus proveedores pueden realizar mejoras y\/o cambios en el Sitio en cualquier momento. JNCS y\/o sus proveedores no realizan representaciones sobre la idoneidad, fiabilidad, disponibilidad, puntualidad y precisi\u00f3n de la informaci\u00f3n, el software, los productos, servicios y gr\u00e1ficos relacionados contenidos en el Sitio para cualquier prop\u00f3sito. En la medida m\u00e1xima permitida por la ley aplicable, toda dicha informaci\u00f3n, software, productos, servicios y gr\u00e1ficos relacionados se proporcionan \u00abtal cual\u00bb sin garant\u00eda ni condici\u00f3n de ning\u00fan tipo. JNCS y\/o sus proveedores renuncian por la presente a todas las garant\u00edas y condiciones con respecto a esta informaci\u00f3n, software, productos, servicios y gr\u00e1ficos relacionados, incluidas todas las garant\u00edas o condiciones impl\u00edcitas de comerciabilidad, idoneidad para un prop\u00f3sito particular, t\u00edtulo y no infracci\u00f3n.<\/p>\n<p><b>Limitaci\u00f3n de responsabilidad<\/b><\/p>\n<p>En la medida m\u00e1xima permitida por la ley aplicable, en ning\u00fan caso JNCS y\/o sus proveedores ser\u00e1n responsables por da\u00f1os directos, indirectos, punitivos, incidentales, especiales, consecuenciales o cualesquiera da\u00f1os, incluyendo, sin limitaci\u00f3n, da\u00f1os por p\u00e9rdida de uso, datos o beneficios, que surjan de o est\u00e9n relacionados de alguna manera con el uso o desempe\u00f1o del Sitio, con la demora o incapacidad para usar el Sitio o servicios relacionados, la prestaci\u00f3n o no prestaci\u00f3n de servicios, o por cualquier informaci\u00f3n, software, productos, servicios y gr\u00e1ficos relacionados obtenidos a trav\u00e9s del Sitio, o que de otra manera surjan del uso del Sitio, ya sea basado en contrato, agravio, negligencia, responsabilidad estricta o de otra manera, incluso si JNCS o cualquiera de sus proveedores ha sido advertido de la posibilidad de da\u00f1os.<\/p>\n<p>Debido a que algunos estados o jurisdicciones no permiten la exclusi\u00f3n o limitaci\u00f3n de responsabilidad por da\u00f1os consecuentes o incidentales, es posible que la limitaci\u00f3n anterior no se aplique a usted. Si no est\u00e1 satisfecho con cualquier parte del Sitio, o con cualquiera de estos t\u00e9rminos de uso, su \u00fanico y exclusivo recurso es dejar de usar el Sitio.<\/p>\n<p><b>Terminaci\u00f3n\/restricci\u00f3n de acceso<\/b><\/p>\n<p>JNCS se reserva el derecho, a su entera discreci\u00f3n, de terminar su acceso al Sitio y a los servicios relacionados o cualquier parte de los mismos en cualquier momento, sin previo aviso. El uso del Sitio est\u00e1 sujeto a la m\u00e1xima medida permitida por la ley; este acuerdo se rige por las leyes del Estado de California y por la presente usted consiente la jurisdicci\u00f3n exclusiva y lugar de los tribunales en California en todas las disputas que surjan del uso de este Sitio.<\/p>\n<p><b>Cambios a los t\u00e9rminos<\/b><\/p>\n<p>JNCS se reserva el derecho, a su sola discreci\u00f3n, de cambiar los T\u00e9rminos bajo los cuales se ofrece jaynolan.org. La versi\u00f3n m\u00e1s actualizada de los T\u00e9rminos sustituir\u00e1 a todas las versiones anteriores. Se anima a los usuarios a revisar peri\u00f3dicamente los T\u00e9rminos para mantenerse informados de nuestras actualizaciones.<\/p>\n<p><b>Cont\u00e1ctenos<\/b><\/p>\n<p>JNCS agradece sus preguntas o comentarios respecto de los T\u00e9rminos:<br \/>Correo electr\u00f3nico: info@jaynolan.org<br \/>Direcci\u00f3n postal: Jay Nolan Community Services Inc., [introducir direcci\u00f3n].<\/p>\n<\/div>\n\t\t\t\t\t\t\t\t<\/div>\n\t\t\t\t<\/div>\n\t\t\t\t<\/div>\n\t\t\t\t\t<\/div>\n\t\t\t\t<\/div>\n\t\t\t\t<\/div>\n\t\t","protected":false},"excerpt":{"rendered":"<p>T\u00e9rminos y Condiciones Ver todas las pol\u00edticas del sitio web Acuerdo entre el Usuario y jaynolan.org Bienvenido a jaynolan.org. El sitio web jaynolan.org (el \u00abSitio\u00bb) est\u00e1 compuesto por diversas p\u00e1ginas [&hellip;]<\/p>\n","protected":false},"author":1,"featured_media":0,"parent":28380,"menu_order":0,"comment_status":"closed","ping_status":"closed","template":"elementor_header_footer","meta":{"_acf_changed":false,"_price":"","_stock":"","_tribe_ticket_header":"","_tribe_default_ticket_provider":"","_tribe_ticket_capacity":"","_ticket_start_date":"","_ticket_end_date":"","_tribe_ticket_show_description":"","_tribe_ticket_show_not_going":false,"_tribe_ticket_use_global_stock":"","_tribe_ticket_global_stock_level":"","_global_stock_mode":"","_global_stock_cap":"","_tribe_rsvp_for_event":"","_tribe_ticket_going_count":"","_tribe_ticket_not_going_count":"","_tribe_tickets_list":"[]","_tribe_ticket_has_attendee_info_fields":false,"footnotes":""},"class_list":["post-30105","page","type-page","status-publish","hentry"],"acf":[],"yoast_head":"<!-- This site is optimized with the Yoast SEO plugin v27.4 - https:\/\/yoast.com\/product\/yoast-seo-wordpress\/ -->\n<title>T\u00e9rminos y condiciones | Servicios comunitarios de Jay Nolan<\/title>\n<meta name=\"description\" content=\"Consulte los t\u00e9rminos y condiciones de Jay Nolan Community Services, donde se describen las responsabilidades del usuario, los acuerdos legales y las pol\u00edticas de uso de nuestro sitio web.\" \/>\n<meta name=\"robots\" content=\"index, follow, max-snippet:-1, max-image-preview:large, max-video-preview:-1\" \/>\n<link rel=\"canonical\" href=\"https:\/\/jaynolan.org\/es\/politicas-del-sitio-web\/terminos-y-condiciones\/\" \/>\n<meta property=\"og:locale\" content=\"es_ES\" \/>\n<meta property=\"og:type\" content=\"article\" \/>\n<meta property=\"og:title\" content=\"T\u00e9rminos y condiciones de Jay Nolan\" \/>\n<meta property=\"og:description\" content=\"Comprenda los t\u00e9rminos y condiciones que rigen el uso del sitio web y los servicios de Jay Nolan.\" \/>\n<meta property=\"og:url\" content=\"https:\/\/jaynolan.org\/es\/politicas-del-sitio-web\/terminos-y-condiciones\/\" \/>\n<meta property=\"og:site_name\" content=\"Jay Nolan Community Services\" \/>\n<meta property=\"article:publisher\" content=\"https:\/\/www.facebook.com\/JayNolanCommunityServices\/\" \/>\n<meta property=\"article:modified_time\" content=\"2026-01-24T08:16:25+00:00\" \/>\n<meta property=\"og:image\" content=\"https:\/\/jaynolan.org\/wp-content\/uploads\/2019\/06\/facebook-post-image-default.jpg\" \/>\n\t<meta property=\"og:image:width\" content=\"1200\" \/>\n\t<meta property=\"og:image:height\" content=\"628\" \/>\n\t<meta property=\"og:image:type\" content=\"image\/jpeg\" \/>\n<meta name=\"twitter:card\" content=\"summary_large_image\" \/>\n<meta name=\"twitter:title\" content=\"T\u00e9rminos y condiciones de Jay Nolan\" \/>\n<meta name=\"twitter:description\" content=\"Comprenda los t\u00e9rminos y condiciones que rigen el uso del sitio web y los servicios de Jay Nolan.\" \/>\n<meta name=\"twitter:site\" content=\"@jaynolanorg\" \/>\n<meta name=\"twitter:label1\" content=\"Tiempo de lectura\" \/>\n\t<meta name=\"twitter:data1\" content=\"7 minutos\" \/>\n<script type=\"application\/ld+json\" class=\"yoast-schema-graph\">{\"@context\":\"https:\\\/\\\/schema.org\",\"@graph\":[{\"@type\":\"WebPage\",\"@id\":\"https:\\\/\\\/jaynolan.org\\\/es\\\/politicas-del-sitio-web\\\/terminos-y-condiciones\\\/\",\"url\":\"https:\\\/\\\/jaynolan.org\\\/es\\\/politicas-del-sitio-web\\\/terminos-y-condiciones\\\/\",\"name\":\"T\u00e9rminos y condiciones | Servicios comunitarios de Jay Nolan\",\"isPartOf\":{\"@id\":\"https:\\\/\\\/jaynolan.org\\\/es\\\/#website\"},\"datePublished\":\"2025-01-31T00:41:52+00:00\",\"dateModified\":\"2026-01-24T08:16:25+00:00\",\"description\":\"Consulte los t\u00e9rminos y condiciones de Jay Nolan Community Services, donde se describen las responsabilidades del usuario, los acuerdos legales y las pol\u00edticas de uso de nuestro sitio web.\",\"breadcrumb\":{\"@id\":\"https:\\\/\\\/jaynolan.org\\\/es\\\/politicas-del-sitio-web\\\/terminos-y-condiciones\\\/#breadcrumb\"},\"inLanguage\":\"es\",\"potentialAction\":[{\"@type\":\"ReadAction\",\"target\":[\"https:\\\/\\\/jaynolan.org\\\/es\\\/politicas-del-sitio-web\\\/terminos-y-condiciones\\\/\"]}]},{\"@type\":\"BreadcrumbList\",\"@id\":\"https:\\\/\\\/jaynolan.org\\\/es\\\/politicas-del-sitio-web\\\/terminos-y-condiciones\\\/#breadcrumb\",\"itemListElement\":[{\"@type\":\"ListItem\",\"position\":1,\"name\":\"Home\",\"item\":\"https:\\\/\\\/jaynolan.org\\\/es\\\/\"},{\"@type\":\"ListItem\",\"position\":2,\"name\":\"Pol\u00edticas del sitio web\",\"item\":\"https:\\\/\\\/jaynolan.org\\\/es\\\/policies\\\/\"},{\"@type\":\"ListItem\",\"position\":3,\"name\":\"T\u00e9rminos y Condiciones\"}]},{\"@type\":\"WebSite\",\"@id\":\"https:\\\/\\\/jaynolan.org\\\/es\\\/#website\",\"url\":\"https:\\\/\\\/jaynolan.org\\\/es\\\/\",\"name\":\"Jay Nolan Community Services\",\"description\":\"Making a difference since 1975\",\"publisher\":{\"@id\":\"https:\\\/\\\/jaynolan.org\\\/es\\\/#organization\"},\"potentialAction\":[{\"@type\":\"SearchAction\",\"target\":{\"@type\":\"EntryPoint\",\"urlTemplate\":\"https:\\\/\\\/jaynolan.org\\\/es\\\/?s={search_term_string}\"},\"query-input\":{\"@type\":\"PropertyValueSpecification\",\"valueRequired\":true,\"valueName\":\"search_term_string\"}}],\"inLanguage\":\"es\"},{\"@type\":\"Organization\",\"@id\":\"https:\\\/\\\/jaynolan.org\\\/es\\\/#organization\",\"name\":\"Jay Nolan Community Service\",\"url\":\"https:\\\/\\\/jaynolan.org\\\/es\\\/\",\"logo\":{\"@type\":\"ImageObject\",\"inLanguage\":\"es\",\"@id\":\"https:\\\/\\\/jaynolan.org\\\/es\\\/#\\\/schema\\\/logo\\\/image\\\/\",\"url\":\"https:\\\/\\\/jaynolan.org\\\/wp-content\\\/uploads\\\/2019\\\/04\\\/jncs6.png\",\"contentUrl\":\"https:\\\/\\\/jaynolan.org\\\/wp-content\\\/uploads\\\/2019\\\/04\\\/jncs6.png\",\"width\":200,\"height\":60,\"caption\":\"Jay Nolan Community Service\"},\"image\":{\"@id\":\"https:\\\/\\\/jaynolan.org\\\/es\\\/#\\\/schema\\\/logo\\\/image\\\/\"},\"sameAs\":[\"https:\\\/\\\/www.facebook.com\\\/JayNolanCommunityServices\\\/\",\"https:\\\/\\\/x.com\\\/jaynolanorg\",\"https:\\\/\\\/www.linkedin.com\\\/company\\\/jay-nolan-community-services\"]}]}<\/script>\n<!-- \/ Yoast SEO plugin. -->","yoast_head_json":{"title":"T\u00e9rminos y condiciones | Servicios comunitarios de Jay Nolan","description":"Consulte los t\u00e9rminos y condiciones de Jay Nolan Community Services, donde se describen las responsabilidades del usuario, los acuerdos legales y las pol\u00edticas de uso de nuestro sitio web.","robots":{"index":"index","follow":"follow","max-snippet":"max-snippet:-1","max-image-preview":"max-image-preview:large","max-video-preview":"max-video-preview:-1"},"canonical":"https:\/\/jaynolan.org\/es\/politicas-del-sitio-web\/terminos-y-condiciones\/","og_locale":"es_ES","og_type":"article","og_title":"T\u00e9rminos y condiciones de Jay Nolan","og_description":"Comprenda los t\u00e9rminos y condiciones que rigen el uso del sitio web y los servicios de Jay Nolan.","og_url":"https:\/\/jaynolan.org\/es\/politicas-del-sitio-web\/terminos-y-condiciones\/","og_site_name":"Jay Nolan Community Services","article_publisher":"https:\/\/www.facebook.com\/JayNolanCommunityServices\/","article_modified_time":"2026-01-24T08:16:25+00:00","og_image":[{"width":1200,"height":628,"url":"https:\/\/jaynolan.org\/wp-content\/uploads\/2019\/06\/facebook-post-image-default.jpg","type":"image\/jpeg"}],"twitter_card":"summary_large_image","twitter_title":"T\u00e9rminos y condiciones de Jay Nolan","twitter_description":"Comprenda los t\u00e9rminos y condiciones que rigen el uso del sitio web y los servicios de Jay Nolan.","twitter_site":"@jaynolanorg","twitter_misc":{"Tiempo de lectura":"7 minutos"},"schema":{"@context":"https:\/\/schema.org","@graph":[{"@type":"WebPage","@id":"https:\/\/jaynolan.org\/es\/politicas-del-sitio-web\/terminos-y-condiciones\/","url":"https:\/\/jaynolan.org\/es\/politicas-del-sitio-web\/terminos-y-condiciones\/","name":"T\u00e9rminos y condiciones | Servicios comunitarios de Jay Nolan","isPartOf":{"@id":"https:\/\/jaynolan.org\/es\/#website"},"datePublished":"2025-01-31T00:41:52+00:00","dateModified":"2026-01-24T08:16:25+00:00","description":"Consulte los t\u00e9rminos y condiciones de Jay Nolan Community Services, donde se describen las responsabilidades del usuario, los acuerdos legales y las pol\u00edticas de uso de nuestro sitio web.","breadcrumb":{"@id":"https:\/\/jaynolan.org\/es\/politicas-del-sitio-web\/terminos-y-condiciones\/#breadcrumb"},"inLanguage":"es","potentialAction":[{"@type":"ReadAction","target":["https:\/\/jaynolan.org\/es\/politicas-del-sitio-web\/terminos-y-condiciones\/"]}]},{"@type":"BreadcrumbList","@id":"https:\/\/jaynolan.org\/es\/politicas-del-sitio-web\/terminos-y-condiciones\/#breadcrumb","itemListElement":[{"@type":"ListItem","position":1,"name":"Home","item":"https:\/\/jaynolan.org\/es\/"},{"@type":"ListItem","position":2,"name":"Pol\u00edticas del sitio web","item":"https:\/\/jaynolan.org\/es\/policies\/"},{"@type":"ListItem","position":3,"name":"T\u00e9rminos y Condiciones"}]},{"@type":"WebSite","@id":"https:\/\/jaynolan.org\/es\/#website","url":"https:\/\/jaynolan.org\/es\/","name":"Jay Nolan Community Services","description":"Making a difference since 1975","publisher":{"@id":"https:\/\/jaynolan.org\/es\/#organization"},"potentialAction":[{"@type":"SearchAction","target":{"@type":"EntryPoint","urlTemplate":"https:\/\/jaynolan.org\/es\/?s={search_term_string}"},"query-input":{"@type":"PropertyValueSpecification","valueRequired":true,"valueName":"search_term_string"}}],"inLanguage":"es"},{"@type":"Organization","@id":"https:\/\/jaynolan.org\/es\/#organization","name":"Jay Nolan Community Service","url":"https:\/\/jaynolan.org\/es\/","logo":{"@type":"ImageObject","inLanguage":"es","@id":"https:\/\/jaynolan.org\/es\/#\/schema\/logo\/image\/","url":"https:\/\/jaynolan.org\/wp-content\/uploads\/2019\/04\/jncs6.png","contentUrl":"https:\/\/jaynolan.org\/wp-content\/uploads\/2019\/04\/jncs6.png","width":200,"height":60,"caption":"Jay Nolan Community Service"},"image":{"@id":"https:\/\/jaynolan.org\/es\/#\/schema\/logo\/image\/"},"sameAs":["https:\/\/www.facebook.com\/JayNolanCommunityServices\/","https:\/\/x.com\/jaynolanorg","https:\/\/www.linkedin.com\/company\/jay-nolan-community-services"]}]}},"_links":{"self":[{"href":"https:\/\/jaynolan.org\/es\/wp-json\/wp\/v2\/pages\/30105","targetHints":{"allow":["GET"]}}],"collection":[{"href":"https:\/\/jaynolan.org\/es\/wp-json\/wp\/v2\/pages"}],"about":[{"href":"https:\/\/jaynolan.org\/es\/wp-json\/wp\/v2\/types\/page"}],"author":[{"embeddable":true,"href":"https:\/\/jaynolan.org\/es\/wp-json\/wp\/v2\/users\/1"}],"replies":[{"embeddable":true,"href":"https:\/\/jaynolan.org\/es\/wp-json\/wp\/v2\/comments?post=30105"}],"version-history":[{"count":1,"href":"https:\/\/jaynolan.org\/es\/wp-json\/wp\/v2\/pages\/30105\/revisions"}],"predecessor-version":[{"id":30106,"href":"https:\/\/jaynolan.org\/es\/wp-json\/wp\/v2\/pages\/30105\/revisions\/30106"}],"up":[{"embeddable":true,"href":"https:\/\/jaynolan.org\/es\/wp-json\/wp\/v2\/pages\/28380"}],"wp:attachment":[{"href":"https:\/\/jaynolan.org\/es\/wp-json\/wp\/v2\/media?parent=30105"}],"curies":[{"name":"wp","href":"https:\/\/api.w.org\/{rel}","templated":true}]}}